{"id":30614,"date":"2025-09-18T00:23:11","date_gmt":"2025-09-18T00:23:11","guid":{"rendered":"https:\/\/alhaythamgroup.com\/product\/%d8%a7%d9%86%d9%81%d8%b1%d8%aa%d8%b1-15-%d8%ad%d8%b5%d8%a7%d9%86-%d8%aa%d9%83%d9%8a%d9%8a%d9%81-%d8%b4%d8%a7%d8%b1%d8%a8\/"},"modified":"2025-12-22T14:17:16","modified_gmt":"2025-12-22T14:17:16","slug":"sharp-split-1-5hp-inverter-ac-red-plasma-cluster","status":"publish","type":"product","link":"https:\/\/alhaythamgroup.com\/en\/product\/sharp-split-1-5hp-inverter-ac-red-plasma-cluster\/","title":{"rendered":"Sharp Split 1.5 HP Inverter AC with Red Plasma Cluster for Cooling &amp; Heating"},"content":{"rendered":"<span class=\"span-reading-time rt-reading-time\" style=\"display: block;\"><span class=\"rt-label rt-prefix\">Reading Time: <\/span> <span class=\"rt-time\"> &lt; 1<\/span> <span class=\"rt-label rt-postfix\">minute<\/span><\/span><h2>Sharp Split Air Conditioner 1.5 HP Cold &#8211; Hot Inverter<\/h2>\n<p>We present to you <strong>Sharp Split Air Conditioner 1.5 HP Cold &#8211; Hot Inverter<\/strong>, which features modern inverter technology, helping to save energy and reduce operating costs. This air conditioner comes with cooling capacity up to 12966 BTU\/h and heating capacity up to 13300 BTU\/h, making it the ideal choice for all your cooling and heating needs.<\/p>\n<h3>Features of Sharp AY-XP12YHER<\/h3>\n<ul>\n<li>Plasma Cluster technology that eliminates bacteria and viruses.<\/li>\n<li>ECO mode to reduce energy consumption.<\/li>\n<li>Super-fast cooling and heating function.<\/li>\n<li>Airflow directed in four directions.<\/li>\n<li>My Area feature to divide the room and direct air.<\/li>\n<li>Motion sensor feature to save energy.<\/li>\n<li>Self-cleaning technology.<\/li>\n<li>On\/Off timer up to 12 hours.<\/li>\n<li>Environmentally friendly R410a refrigerant.<\/li>\n<\/ul>\n<p>The air conditioner features a modern contemporary design and an attractive red color that fits any interior decor. Additionally, it comes with a 5-year comprehensive free warranty, giving you confidence in your choice. To learn more about the products, you can visit <a href=\"https:\/\/alhaythamgroup.com\/en\/\">Al-Haytham Group<\/a>.<\/p>\n<h3>Dimensions and Technical Specifications<\/h3>\n<p>The indoor unit comes with dimensions of 879 \u00d7 289 \u00d7 229 mm, while the outdoor unit dimensions are 760 \u00d7 540 \u00d7 270 mm. The air conditioner weighs 9 kg for the indoor unit and 33 kg for the outdoor unit. With a high energy efficiency rating of 19.1 BTU\/h, you can be sure that this air conditioner is your best option.<\/p>\n","protected":false},"excerpt":{"rendered":"<p><span class=\"span-reading-time rt-reading-time\" style=\"display: block;\"><span class=\"rt-label rt-prefix\">Reading Time: <\/span> <span class=\"rt-time\"> &lt; 1<\/span> <span class=\"rt-label rt-postfix\">minute<\/span><\/span>Get the Sharp Split 1.5 HP inverter AC with Plasma Cluster technology. Ideal for year-round cooling and heating, backed by a 5-year warranty.<\/p>\n","protected":false},"featured_media":30615,"template":"","meta":[],"product_brand":[],"product_cat":[314],"product_tag":[719,802],"class_list":{"0":"post-30614","1":"product","2":"type-product","3":"status-publish","4":"has-post-thumbnail","6":"product_cat-concealed-and-split-air-conditioners-air-coolers","7":"product_tag-the-lowest-price","8":"product_tag-the-lowest-price-11-04-2026","11":"first","12":"instock","13":"sale","14":"shipping-taxable","15":"purchasable","16":"product-type-simple"},"yoast_head":"<!-- This site is optimized with the Yoast SEO Premium plugin v25.7.1 (Yoast SEO v25.7) - https:\/\/yoast.com\/wordpress\/plugins\/seo\/ -->\n<title>Sharp Split 1.5 HP Inverter AC \u2013 Cooling &amp; Heating<\/title>\n<meta name=\"description\" content=\"Get the Sharp Split 1.5 HP inverter AC with Plasma Cluster technology. Ideal for year-round cooling and heating, backed by a 5-year warranty.\" \/>\n<meta name=\"robots\" content=\"index, follow, max-snippet:-1, max-image-preview:large, max-video-preview:-1\" \/>\n<link rel=\"canonical\" href=\"https:\/\/alhaythamgroup.com\/en\/product\/sharp-split-1-5hp-inverter-ac-red-plasma-cluster\/\" \/>\n<meta property=\"og:locale\" content=\"en_US\" \/>\n<meta property=\"og:type\" content=\"article\" \/>\n<meta property=\"og:title\" content=\"Sharp Split 1.5 HP Inverter AC with Red Plasma Cluster for Cooling &amp; Heating\" \/>\n<meta property=\"og:description\" content=\"Get the Sharp Split 1.5 HP inverter AC with Plasma Cluster technology. Ideal for year-round cooling and heating, backed by a 5-year warranty.\" \/>\n<meta property=\"og:url\" content=\"https:\/\/alhaythamgroup.com\/en\/product\/sharp-split-1-5hp-inverter-ac-red-plasma-cluster\/\" \/>\n<meta property=\"og:site_name\" content=\"alhaythamgroup.com\" \/>\n<meta property=\"article:modified_time\" content=\"2025-12-22T14:17:16+00:00\" \/>\n<meta property=\"og:image\" content=\"https:\/\/alhaythamgroup.com\/wp-content\/uploads\/2025\/09\/\u062a\u0643\u064a\u064a\u0641-\u0634\u0627\u0631\u0628-\u0627\u0633\u0628\u0644\u064a\u062a-1.5-\u062d\u0635\u0627\u0646-\u0628\u0627\u0631\u062f-\u0633\u0627\u062e\u0646-\u0627\u0646\u0641\u0631\u062a\u0631-\u0628\u0644\u0627\u0632\u0645\u0627-\u0643\u0644\u0627\u0633\u062a\u0631-\u0623\u062d\u0645\u06313.webp\" \/>\n\t<meta property=\"og:image:width\" content=\"600\" \/>\n\t<meta property=\"og:image:height\" content=\"480\" \/>\n\t<meta property=\"og:image:type\" content=\"image\/webp\" \/>\n<meta name=\"twitter:card\" content=\"summary_large_image\" \/>\n<meta name=\"twitter:label1\" content=\"Est. reading time\" \/>\n\t<meta name=\"twitter:data1\" content=\"1 minute\" \/>\n<script type=\"application\/ld+json\" class=\"yoast-schema-graph\">{\"@context\":\"https:\/\/schema.org\",\"@graph\":[{\"@type\":\"WebPage\",\"@id\":\"https:\/\/alhaythamgroup.com\/en\/product\/sharp-split-1-5hp-inverter-ac-red-plasma-cluster\/\",\"url\":\"https:\/\/alhaythamgroup.com\/en\/product\/sharp-split-1-5hp-inverter-ac-red-plasma-cluster\/\",\"name\":\"Sharp Split 1.5 HP Inverter AC \u2013 Cooling & Heating\",\"isPartOf\":{\"@id\":\"https:\/\/orangered-peafowl-413256.hostingersite.com\/en\/#website\"},\"primaryImageOfPage\":{\"@id\":\"https:\/\/alhaythamgroup.com\/en\/product\/sharp-split-1-5hp-inverter-ac-red-plasma-cluster\/#primaryimage\"},\"image\":{\"@id\":\"https:\/\/alhaythamgroup.com\/en\/product\/sharp-split-1-5hp-inverter-ac-red-plasma-cluster\/#primaryimage\"},\"thumbnailUrl\":\"https:\/\/alhaythamgroup.com\/wp-content\/uploads\/2025\/09\/\u062a\u0643\u064a\u064a\u0641-\u0634\u0627\u0631\u0628-\u0627\u0633\u0628\u0644\u064a\u062a-1.5-\u062d\u0635\u0627\u0646-\u0628\u0627\u0631\u062f-\u0633\u0627\u062e\u0646-\u0627\u0646\u0641\u0631\u062a\u0631-\u0628\u0644\u0627\u0632\u0645\u0627-\u0643\u0644\u0627\u0633\u062a\u0631-\u0623\u062d\u0645\u06313.webp\",\"datePublished\":\"2025-09-18T00:23:11+00:00\",\"dateModified\":\"2025-12-22T14:17:16+00:00\",\"description\":\"Get the Sharp Split 1.5 HP inverter AC with Plasma Cluster technology. Ideal for year-round cooling and heating, backed by a 5-year warranty.\",\"breadcrumb\":{\"@id\":\"https:\/\/alhaythamgroup.com\/en\/product\/sharp-split-1-5hp-inverter-ac-red-plasma-cluster\/#breadcrumb\"},\"inLanguage\":\"en-US\",\"potentialAction\":[{\"@type\":\"ReadAction\",\"target\":[\"https:\/\/alhaythamgroup.com\/en\/product\/sharp-split-1-5hp-inverter-ac-red-plasma-cluster\/\"]}]},{\"@type\":\"ImageObject\",\"inLanguage\":\"en-US\",\"@id\":\"https:\/\/alhaythamgroup.com\/en\/product\/sharp-split-1-5hp-inverter-ac-red-plasma-cluster\/#primaryimage\",\"url\":\"https:\/\/alhaythamgroup.com\/wp-content\/uploads\/2025\/09\/\u062a\u0643\u064a\u064a\u0641-\u0634\u0627\u0631\u0628-\u0627\u0633\u0628\u0644\u064a\u062a-1.5-\u062d\u0635\u0627\u0646-\u0628\u0627\u0631\u062f-\u0633\u0627\u062e\u0646-\u0627\u0646\u0641\u0631\u062a\u0631-\u0628\u0644\u0627\u0632\u0645\u0627-\u0643\u0644\u0627\u0633\u062a\u0631-\u0623\u062d\u0645\u06313.webp\",\"contentUrl\":\"https:\/\/alhaythamgroup.com\/wp-content\/uploads\/2025\/09\/\u062a\u0643\u064a\u064a\u0641-\u0634\u0627\u0631\u0628-\u0627\u0633\u0628\u0644\u064a\u062a-1.5-\u062d\u0635\u0627\u0646-\u0628\u0627\u0631\u062f-\u0633\u0627\u062e\u0646-\u0627\u0646\u0641\u0631\u062a\u0631-\u0628\u0644\u0627\u0632\u0645\u0627-\u0643\u0644\u0627\u0633\u062a\u0631-\u0623\u062d\u0645\u06313.webp\",\"width\":600,\"height\":480,\"caption\":\"\u062a\u0643\u064a\u064a\u0641 \u0634\u0627\u0631\u0628 \u0627\u0633\u0628\u0644\u064a\u062a 1.5 \u062d\u0635\u0627\u0646 \u0628\u0627\u0631\u062f - \u0633\u0627\u062e\u0646 \u0627\u0646\u0641\u0631\u062a\u0631 \u0628\u0644\u0627\u0632\u0645\u0627 \u0643\u0644\u0627\u0633\u062a\u0631 \u0623\u062d\u0645\u0631 main\"},{\"@type\":\"BreadcrumbList\",\"@id\":\"https:\/\/alhaythamgroup.com\/en\/product\/sharp-split-1-5hp-inverter-ac-red-plasma-cluster\/#breadcrumb\",\"itemListElement\":[{\"@type\":\"ListItem\",\"position\":1,\"name\":\"Home\",\"item\":\"https:\/\/alhaythamgroup.com\/en\/\"},{\"@type\":\"ListItem\",\"position\":2,\"name\":\"\u0627\u0644\u0645\u0646\u062a\u062c\u0627\u062a\",\"item\":\"https:\/\/alhaythamgroup.com\/en\/shop\/\"},{\"@type\":\"ListItem\",\"position\":3,\"name\":\"Sharp Split 1.5 HP Inverter AC with Red Plasma Cluster for Cooling &amp; Heating\"}]},{\"@type\":\"WebSite\",\"@id\":\"https:\/\/orangered-peafowl-413256.hostingersite.com\/en\/#website\",\"url\":\"https:\/\/orangered-peafowl-413256.hostingersite.com\/en\/\",\"name\":\"alhaythamgroup.com\",\"description\":\"\",\"publisher\":{\"@id\":\"https:\/\/orangered-peafowl-413256.hostingersite.com\/en\/#organization\"},\"potentialAction\":[{\"@type\":\"SearchAction\",\"target\":{\"@type\":\"EntryPoint\",\"urlTemplate\":\"https:\/\/orangered-peafowl-413256.hostingersite.com\/en\/?s={search_term_string}\"},\"query-input\":{\"@type\":\"PropertyValueSpecification\",\"valueRequired\":true,\"valueName\":\"search_term_string\"}}],\"inLanguage\":\"en-US\"},{\"@type\":\"Organization\",\"@id\":\"https:\/\/orangered-peafowl-413256.hostingersite.com\/en\/#organization\",\"name\":\"alhaythamgroup.com\",\"url\":\"https:\/\/orangered-peafowl-413256.hostingersite.com\/en\/\",\"logo\":{\"@type\":\"ImageObject\",\"inLanguage\":\"en-US\",\"@id\":\"https:\/\/orangered-peafowl-413256.hostingersite.com\/en\/#\/schema\/logo\/image\/\",\"url\":\"https:\/\/alhaythamgroup.com\/wp-content\/uploads\/2024\/10\/Al-Haytham-Logo-1.png\",\"contentUrl\":\"https:\/\/alhaythamgroup.com\/wp-content\/uploads\/2024\/10\/Al-Haytham-Logo-1.png\",\"width\":277,\"height\":100,\"caption\":\"alhaythamgroup.com\"},\"image\":{\"@id\":\"https:\/\/orangered-peafowl-413256.hostingersite.com\/en\/#\/schema\/logo\/image\/\"}}]}<\/script>\n<!-- \/ Yoast SEO Premium plugin. -->","yoast_head_json":{"title":"Sharp Split 1.5 HP Inverter AC \u2013 Cooling & Heating","description":"Get the Sharp Split 1.5 HP inverter AC with Plasma Cluster technology. Ideal for year-round cooling and heating, backed by a 5-year warranty.","robots":{"index":"index","follow":"follow","max-snippet":"max-snippet:-1","max-image-preview":"max-image-preview:large","max-video-preview":"max-video-preview:-1"},"canonical":"https:\/\/alhaythamgroup.com\/en\/product\/sharp-split-1-5hp-inverter-ac-red-plasma-cluster\/","og_locale":"en_US","og_type":"article","og_title":"Sharp Split 1.5 HP Inverter AC with Red Plasma Cluster for Cooling &amp; Heating","og_description":"Get the Sharp Split 1.5 HP inverter AC with Plasma Cluster technology. Ideal for year-round cooling and heating, backed by a 5-year warranty.","og_url":"https:\/\/alhaythamgroup.com\/en\/product\/sharp-split-1-5hp-inverter-ac-red-plasma-cluster\/","og_site_name":"alhaythamgroup.com","article_modified_time":"2025-12-22T14:17:16+00:00","og_image":[{"width":600,"height":480,"url":"https:\/\/alhaythamgroup.com\/wp-content\/uploads\/2025\/09\/\u062a\u0643\u064a\u064a\u0641-\u0634\u0627\u0631\u0628-\u0627\u0633\u0628\u0644\u064a\u062a-1.5-\u062d\u0635\u0627\u0646-\u0628\u0627\u0631\u062f-\u0633\u0627\u062e\u0646-\u0627\u0646\u0641\u0631\u062a\u0631-\u0628\u0644\u0627\u0632\u0645\u0627-\u0643\u0644\u0627\u0633\u062a\u0631-\u0623\u062d\u0645\u06313.webp","type":"image\/webp"}],"twitter_card":"summary_large_image","twitter_misc":{"Est. reading time":"1 minute"},"schema":{"@context":"https:\/\/schema.org","@graph":[{"@type":"WebPage","@id":"https:\/\/alhaythamgroup.com\/en\/product\/sharp-split-1-5hp-inverter-ac-red-plasma-cluster\/","url":"https:\/\/alhaythamgroup.com\/en\/product\/sharp-split-1-5hp-inverter-ac-red-plasma-cluster\/","name":"Sharp Split 1.5 HP Inverter AC \u2013 Cooling & Heating","isPartOf":{"@id":"https:\/\/orangered-peafowl-413256.hostingersite.com\/en\/#website"},"primaryImageOfPage":{"@id":"https:\/\/alhaythamgroup.com\/en\/product\/sharp-split-1-5hp-inverter-ac-red-plasma-cluster\/#primaryimage"},"image":{"@id":"https:\/\/alhaythamgroup.com\/en\/product\/sharp-split-1-5hp-inverter-ac-red-plasma-cluster\/#primaryimage"},"thumbnailUrl":"https:\/\/alhaythamgroup.com\/wp-content\/uploads\/2025\/09\/\u062a\u0643\u064a\u064a\u0641-\u0634\u0627\u0631\u0628-\u0627\u0633\u0628\u0644\u064a\u062a-1.5-\u062d\u0635\u0627\u0646-\u0628\u0627\u0631\u062f-\u0633\u0627\u062e\u0646-\u0627\u0646\u0641\u0631\u062a\u0631-\u0628\u0644\u0627\u0632\u0645\u0627-\u0643\u0644\u0627\u0633\u062a\u0631-\u0623\u062d\u0645\u06313.webp","datePublished":"2025-09-18T00:23:11+00:00","dateModified":"2025-12-22T14:17:16+00:00","description":"Get the Sharp Split 1.5 HP inverter AC with Plasma Cluster technology. Ideal for year-round cooling and heating, backed by a 5-year warranty.","breadcrumb":{"@id":"https:\/\/alhaythamgroup.com\/en\/product\/sharp-split-1-5hp-inverter-ac-red-plasma-cluster\/#breadcrumb"},"inLanguage":"en-US","potentialAction":[{"@type":"ReadAction","target":["https:\/\/alhaythamgroup.com\/en\/product\/sharp-split-1-5hp-inverter-ac-red-plasma-cluster\/"]}]},{"@type":"ImageObject","inLanguage":"en-US","@id":"https:\/\/alhaythamgroup.com\/en\/product\/sharp-split-1-5hp-inverter-ac-red-plasma-cluster\/#primaryimage","url":"https:\/\/alhaythamgroup.com\/wp-content\/uploads\/2025\/09\/\u062a\u0643\u064a\u064a\u0641-\u0634\u0627\u0631\u0628-\u0627\u0633\u0628\u0644\u064a\u062a-1.5-\u062d\u0635\u0627\u0646-\u0628\u0627\u0631\u062f-\u0633\u0627\u062e\u0646-\u0627\u0646\u0641\u0631\u062a\u0631-\u0628\u0644\u0627\u0632\u0645\u0627-\u0643\u0644\u0627\u0633\u062a\u0631-\u0623\u062d\u0645\u06313.webp","contentUrl":"https:\/\/alhaythamgroup.com\/wp-content\/uploads\/2025\/09\/\u062a\u0643\u064a\u064a\u0641-\u0634\u0627\u0631\u0628-\u0627\u0633\u0628\u0644\u064a\u062a-1.5-\u062d\u0635\u0627\u0646-\u0628\u0627\u0631\u062f-\u0633\u0627\u062e\u0646-\u0627\u0646\u0641\u0631\u062a\u0631-\u0628\u0644\u0627\u0632\u0645\u0627-\u0643\u0644\u0627\u0633\u062a\u0631-\u0623\u062d\u0645\u06313.webp","width":600,"height":480,"caption":"\u062a\u0643\u064a\u064a\u0641 \u0634\u0627\u0631\u0628 \u0627\u0633\u0628\u0644\u064a\u062a 1.5 \u062d\u0635\u0627\u0646 \u0628\u0627\u0631\u062f - \u0633\u0627\u062e\u0646 \u0627\u0646\u0641\u0631\u062a\u0631 \u0628\u0644\u0627\u0632\u0645\u0627 \u0643\u0644\u0627\u0633\u062a\u0631 \u0623\u062d\u0645\u0631 main"},{"@type":"BreadcrumbList","@id":"https:\/\/alhaythamgroup.com\/en\/product\/sharp-split-1-5hp-inverter-ac-red-plasma-cluster\/#breadcrumb","itemListElement":[{"@type":"ListItem","position":1,"name":"Home","item":"https:\/\/alhaythamgroup.com\/en\/"},{"@type":"ListItem","position":2,"name":"\u0627\u0644\u0645\u0646\u062a\u062c\u0627\u062a","item":"https:\/\/alhaythamgroup.com\/en\/shop\/"},{"@type":"ListItem","position":3,"name":"Sharp Split 1.5 HP Inverter AC with Red Plasma Cluster for Cooling &amp; Heating"}]},{"@type":"WebSite","@id":"https:\/\/orangered-peafowl-413256.hostingersite.com\/en\/#website","url":"https:\/\/orangered-peafowl-413256.hostingersite.com\/en\/","name":"alhaythamgroup.com","description":"","publisher":{"@id":"https:\/\/orangered-peafowl-413256.hostingersite.com\/en\/#organization"},"potentialAction":[{"@type":"SearchAction","target":{"@type":"EntryPoint","urlTemplate":"https:\/\/orangered-peafowl-413256.hostingersite.com\/en\/?s={search_term_string}"},"query-input":{"@type":"PropertyValueSpecification","valueRequired":true,"valueName":"search_term_string"}}],"inLanguage":"en-US"},{"@type":"Organization","@id":"https:\/\/orangered-peafowl-413256.hostingersite.com\/en\/#organization","name":"alhaythamgroup.com","url":"https:\/\/orangered-peafowl-413256.hostingersite.com\/en\/","logo":{"@type":"ImageObject","inLanguage":"en-US","@id":"https:\/\/orangered-peafowl-413256.hostingersite.com\/en\/#\/schema\/logo\/image\/","url":"https:\/\/alhaythamgroup.com\/wp-content\/uploads\/2024\/10\/Al-Haytham-Logo-1.png","contentUrl":"https:\/\/alhaythamgroup.com\/wp-content\/uploads\/2024\/10\/Al-Haytham-Logo-1.png","width":277,"height":100,"caption":"alhaythamgroup.com"},"image":{"@id":"https:\/\/orangered-peafowl-413256.hostingersite.com\/en\/#\/schema\/logo\/image\/"}}]}},"_links":{"self":[{"href":"https:\/\/alhaythamgroup.com\/en\/wp-json\/wp\/v2\/product\/30614","targetHints":{"allow":["GET"]}}],"collection":[{"href":"https:\/\/alhaythamgroup.com\/en\/wp-json\/wp\/v2\/product"}],"about":[{"href":"https:\/\/alhaythamgroup.com\/en\/wp-json\/wp\/v2\/types\/product"}],"wp:featuredmedia":[{"embeddable":true,"href":"https:\/\/alhaythamgroup.com\/en\/wp-json\/wp\/v2\/media\/30615"}],"wp:attachment":[{"href":"https:\/\/alhaythamgroup.com\/en\/wp-json\/wp\/v2\/media?parent=30614"}],"wp:term":[{"taxonomy":"product_brand","embeddable":true,"href":"https:\/\/alhaythamgroup.com\/en\/wp-json\/wp\/v2\/product_brand?post=30614"},{"taxonomy":"product_cat","embeddable":true,"href":"https:\/\/alhaythamgroup.com\/en\/wp-json\/wp\/v2\/product_cat?post=30614"},{"taxonomy":"product_tag","embeddable":true,"href":"https:\/\/alhaythamgroup.com\/en\/wp-json\/wp\/v2\/product_tag?post=30614"}],"curies":[{"name":"wp","href":"https:\/\/api.w.org\/{rel}","templated":true}]}}