{"id":30717,"date":"2025-09-18T00:23:16","date_gmt":"2025-09-18T00:23:16","guid":{"rendered":"https:\/\/alhaythamgroup.com\/product\/%d9%81%d8%b1%d9%86-%d8%b3%d8%aa%d8%a7%d9%86%d9%84%d8%b3-%d8%b3%d8%aa%d9%8a%d9%84-%d8%ac%d8%af%d9%8a%d8%af-%d8%a7%d9%81%d8%b6%d9%84-2\/"},"modified":"2026-01-20T00:35:25","modified_gmt":"2026-01-20T00:35:25","slug":"gorinia-89l-built-in-electric-oven-stainless-steel","status":"publish","type":"product","link":"https:\/\/alhaythamgroup.com\/en\/product\/gorinia-89l-built-in-electric-oven-stainless-steel\/","title":{"rendered":"Gorinia 89L Built-In Electric Oven in Stainless Steel &#8211; Sleek Design, High Performance"},"content":{"rendered":"<span class=\"span-reading-time rt-reading-time\" style=\"display: block;\"><span class=\"rt-label rt-prefix\">Reading Time: <\/span> <span class=\"rt-time\"> &lt; 1<\/span> <span class=\"rt-label rt-postfix\">minute<\/span><\/span><h2>Gorinya Stainless Steel Built-in Electric Oven 89-Liter<\/h2>\n<p>The Gorinya stainless steel built-in electric oven with 89-liter capacity is an ideal option for those seeking outstanding performance and stylish design. It features its attractive black color and its large capacity that reaches 89 liters, allowing you to cook large quantities of food at once.<\/p>\n<h3>Main features of the oven<\/h3>\n<ul>\n<li>Fuel type: Electric<\/li>\n<li>Installation type: Built-in<\/li>\n<li>Energy class: A<\/li>\n<li>Control panel material: Glass<\/li>\n<li>Electronic timer programming<\/li>\n<li>Interior lighting<\/li>\n<li>Telescopic extendable rack<\/li>\n<li>Dynamic cooling for the oven &#8211; DC<\/li>\n<li>EcoClean enamel<\/li>\n<\/ul>\n<p>Product dimensions (W \u00d7 H \u00d7 D) 97 \u00d7 54 \u00d7 67 cm, making it suitable for use in modern kitchens. It is also characterized by a stainless steel handle that adds a touch of luxury to the oven&#8217;s design.<\/p>\n<h3>Oven performance<\/h3>\n<p>The Gorinya oven delivers superb performance, heating food evenly thanks to dynamic cooling technology. Also, the electronic timer programming allows you to prepare food with high precision. Whether you want to bake bread or prepare various dishes, this oven meets all your needs.<\/p>\n<p>If you are looking for an oven that combines efficiency and modern design, the Gorinya built-in electric oven is the perfect choice. For more information, you can visit <a href=\"https:\/\/alhaythamgroup.com\/en\/\">Al-Haytham Group<\/a>.<\/p>\n","protected":false},"excerpt":{"rendered":"<p><span class=\"span-reading-time rt-reading-time\" style=\"display: block;\"><span class=\"rt-label rt-prefix\">Reading Time: <\/span> <span class=\"rt-time\"> &lt; 1<\/span> <span class=\"rt-label rt-postfix\">minute<\/span><\/span>Get the Gorinia 89L built-in electric oven in stainless steel, perfect for quick, efficient cooking. Order now for outstanding performance and modern style.<\/p>\n","protected":false},"featured_media":30719,"template":"","meta":[],"product_brand":[],"product_cat":[762],"product_tag":[719,802],"class_list":{"0":"post-30717","1":"product","2":"type-product","3":"status-publish","4":"has-post-thumbnail","6":"product_cat-cookers-ovens-hobs","7":"product_tag-the-lowest-price","8":"product_tag-the-lowest-price-11-04-2026","11":"first","12":"instock","13":"sale","14":"shipping-taxable","15":"purchasable","16":"product-type-simple"},"yoast_head":"<!-- This site is optimized with the Yoast SEO Premium plugin v25.7.1 (Yoast SEO v25.7) - https:\/\/yoast.com\/wordpress\/plugins\/seo\/ -->\n<title>Gorinia 89L Built-In Electric Oven<\/title>\n<meta name=\"description\" content=\"Get the Gorinia 89L built-in electric oven in stainless steel, perfect for quick, efficient cooking. Order now for outstanding performance and modern style.\" \/>\n<meta name=\"robots\" content=\"index, follow, max-snippet:-1, max-image-preview:large, max-video-preview:-1\" \/>\n<link rel=\"canonical\" href=\"https:\/\/alhaythamgroup.com\/en\/product\/gorinia-89l-built-in-electric-oven-stainless-steel\/\" \/>\n<meta property=\"og:locale\" content=\"en_US\" \/>\n<meta property=\"og:type\" content=\"article\" \/>\n<meta property=\"og:title\" content=\"Gorinia 89L Built-In Electric Oven in Stainless Steel - Sleek Design, High Performance\" \/>\n<meta property=\"og:description\" content=\"Get the Gorinia 89L built-in electric oven in stainless steel, perfect for quick, efficient cooking. Order now for outstanding performance and modern style.\" \/>\n<meta property=\"og:url\" content=\"https:\/\/alhaythamgroup.com\/en\/product\/gorinia-89l-built-in-electric-oven-stainless-steel\/\" \/>\n<meta property=\"og:site_name\" content=\"alhaythamgroup.com\" \/>\n<meta property=\"article:modified_time\" content=\"2026-01-20T00:35:25+00:00\" \/>\n<meta property=\"og:image\" content=\"https:\/\/alhaythamgroup.com\/wp-content\/uploads\/2025\/09\/\u0641\u0631\u0646-\u0628\u0644\u062a-\u0627\u0646-\u0643\u0647\u0631\u0628\u0627\u0626\u064a-\u062c\u0648\u0631\u064a\u0646\u064a\u0627-\u0633\u062a\u0627\u0646\u0644\u0633-\u0633\u062a\u064a\u0644-89-\u0644\u062a\u0631-\u0628\u062a\u0635\u0645.-main.png\" \/>\n\t<meta property=\"og:image:width\" content=\"1024\" \/>\n\t<meta property=\"og:image:height\" content=\"1024\" \/>\n\t<meta property=\"og:image:type\" content=\"image\/png\" \/>\n<meta name=\"twitter:card\" content=\"summary_large_image\" \/>\n<meta name=\"twitter:label1\" content=\"Est. reading time\" \/>\n\t<meta name=\"twitter:data1\" content=\"1 minute\" \/>\n<script type=\"application\/ld+json\" class=\"yoast-schema-graph\">{\"@context\":\"https:\/\/schema.org\",\"@graph\":[{\"@type\":\"WebPage\",\"@id\":\"https:\/\/alhaythamgroup.com\/en\/product\/gorinia-89l-built-in-electric-oven-stainless-steel\/\",\"url\":\"https:\/\/alhaythamgroup.com\/en\/product\/gorinia-89l-built-in-electric-oven-stainless-steel\/\",\"name\":\"Gorinia 89L Built-In Electric Oven\",\"isPartOf\":{\"@id\":\"https:\/\/orangered-peafowl-413256.hostingersite.com\/en\/#website\"},\"primaryImageOfPage\":{\"@id\":\"https:\/\/alhaythamgroup.com\/en\/product\/gorinia-89l-built-in-electric-oven-stainless-steel\/#primaryimage\"},\"image\":{\"@id\":\"https:\/\/alhaythamgroup.com\/en\/product\/gorinia-89l-built-in-electric-oven-stainless-steel\/#primaryimage\"},\"thumbnailUrl\":\"https:\/\/alhaythamgroup.com\/wp-content\/uploads\/2025\/09\/\u0641\u0631\u0646-\u0628\u0644\u062a-\u0627\u0646-\u0643\u0647\u0631\u0628\u0627\u0626\u064a-\u062c\u0648\u0631\u064a\u0646\u064a\u0627-\u0633\u062a\u0627\u0646\u0644\u0633-\u0633\u062a\u064a\u0644-89-\u0644\u062a\u0631-\u0628\u062a\u0635\u0645.-main.png\",\"datePublished\":\"2025-09-18T00:23:16+00:00\",\"dateModified\":\"2026-01-20T00:35:25+00:00\",\"description\":\"Get the Gorinia 89L built-in electric oven in stainless steel, perfect for quick, efficient cooking. Order now for outstanding performance and modern style.\",\"breadcrumb\":{\"@id\":\"https:\/\/alhaythamgroup.com\/en\/product\/gorinia-89l-built-in-electric-oven-stainless-steel\/#breadcrumb\"},\"inLanguage\":\"en-US\",\"potentialAction\":[{\"@type\":\"ReadAction\",\"target\":[\"https:\/\/alhaythamgroup.com\/en\/product\/gorinia-89l-built-in-electric-oven-stainless-steel\/\"]}]},{\"@type\":\"ImageObject\",\"inLanguage\":\"en-US\",\"@id\":\"https:\/\/alhaythamgroup.com\/en\/product\/gorinia-89l-built-in-electric-oven-stainless-steel\/#primaryimage\",\"url\":\"https:\/\/alhaythamgroup.com\/wp-content\/uploads\/2025\/09\/\u0641\u0631\u0646-\u0628\u0644\u062a-\u0627\u0646-\u0643\u0647\u0631\u0628\u0627\u0626\u064a-\u062c\u0648\u0631\u064a\u0646\u064a\u0627-\u0633\u062a\u0627\u0646\u0644\u0633-\u0633\u062a\u064a\u0644-89-\u0644\u062a\u0631-\u0628\u062a\u0635\u0645.-main.png\",\"contentUrl\":\"https:\/\/alhaythamgroup.com\/wp-content\/uploads\/2025\/09\/\u0641\u0631\u0646-\u0628\u0644\u062a-\u0627\u0646-\u0643\u0647\u0631\u0628\u0627\u0626\u064a-\u062c\u0648\u0631\u064a\u0646\u064a\u0627-\u0633\u062a\u0627\u0646\u0644\u0633-\u0633\u062a\u064a\u0644-89-\u0644\u062a\u0631-\u0628\u062a\u0635\u0645.-main.png\",\"width\":1024,\"height\":1024,\"caption\":\"\u0641\u0631\u0646 \u0628\u0644\u062a \u0627\u0646 \u0643\u0647\u0631\u0628\u0627\u0626\u064a \u062c\u0648\u0631\u064a\u0646\u064a\u0627 \u0633\u062a\u0627\u0646\u0644\u0633 \u0633\u062a\u064a\u0644 89 \u0644\u062a\u0631 \u0628\u062a\u0635\u0645... main\"},{\"@type\":\"BreadcrumbList\",\"@id\":\"https:\/\/alhaythamgroup.com\/en\/product\/gorinia-89l-built-in-electric-oven-stainless-steel\/#breadcrumb\",\"itemListElement\":[{\"@type\":\"ListItem\",\"position\":1,\"name\":\"Home\",\"item\":\"https:\/\/alhaythamgroup.com\/en\/\"},{\"@type\":\"ListItem\",\"position\":2,\"name\":\"\u0627\u0644\u0645\u0646\u062a\u062c\u0627\u062a\",\"item\":\"https:\/\/alhaythamgroup.com\/en\/shop\/\"},{\"@type\":\"ListItem\",\"position\":3,\"name\":\"Gorinia 89L Built-In Electric Oven in Stainless Steel &#8211; Sleek Design, High Performance\"}]},{\"@type\":\"WebSite\",\"@id\":\"https:\/\/orangered-peafowl-413256.hostingersite.com\/en\/#website\",\"url\":\"https:\/\/orangered-peafowl-413256.hostingersite.com\/en\/\",\"name\":\"alhaythamgroup.com\",\"description\":\"\",\"publisher\":{\"@id\":\"https:\/\/orangered-peafowl-413256.hostingersite.com\/en\/#organization\"},\"potentialAction\":[{\"@type\":\"SearchAction\",\"target\":{\"@type\":\"EntryPoint\",\"urlTemplate\":\"https:\/\/orangered-peafowl-413256.hostingersite.com\/en\/?s={search_term_string}\"},\"query-input\":{\"@type\":\"PropertyValueSpecification\",\"valueRequired\":true,\"valueName\":\"search_term_string\"}}],\"inLanguage\":\"en-US\"},{\"@type\":\"Organization\",\"@id\":\"https:\/\/orangered-peafowl-413256.hostingersite.com\/en\/#organization\",\"name\":\"alhaythamgroup.com\",\"url\":\"https:\/\/orangered-peafowl-413256.hostingersite.com\/en\/\",\"logo\":{\"@type\":\"ImageObject\",\"inLanguage\":\"en-US\",\"@id\":\"https:\/\/orangered-peafowl-413256.hostingersite.com\/en\/#\/schema\/logo\/image\/\",\"url\":\"https:\/\/alhaythamgroup.com\/wp-content\/uploads\/2024\/10\/Al-Haytham-Logo-1.png\",\"contentUrl\":\"https:\/\/alhaythamgroup.com\/wp-content\/uploads\/2024\/10\/Al-Haytham-Logo-1.png\",\"width\":277,\"height\":100,\"caption\":\"alhaythamgroup.com\"},\"image\":{\"@id\":\"https:\/\/orangered-peafowl-413256.hostingersite.com\/en\/#\/schema\/logo\/image\/\"}}]}<\/script>\n<!-- \/ Yoast SEO Premium plugin. -->","yoast_head_json":{"title":"Gorinia 89L Built-In Electric Oven","description":"Get the Gorinia 89L built-in electric oven in stainless steel, perfect for quick, efficient cooking. Order now for outstanding performance and modern style.","robots":{"index":"index","follow":"follow","max-snippet":"max-snippet:-1","max-image-preview":"max-image-preview:large","max-video-preview":"max-video-preview:-1"},"canonical":"https:\/\/alhaythamgroup.com\/en\/product\/gorinia-89l-built-in-electric-oven-stainless-steel\/","og_locale":"en_US","og_type":"article","og_title":"Gorinia 89L Built-In Electric Oven in Stainless Steel - Sleek Design, High Performance","og_description":"Get the Gorinia 89L built-in electric oven in stainless steel, perfect for quick, efficient cooking. Order now for outstanding performance and modern style.","og_url":"https:\/\/alhaythamgroup.com\/en\/product\/gorinia-89l-built-in-electric-oven-stainless-steel\/","og_site_name":"alhaythamgroup.com","article_modified_time":"2026-01-20T00:35:25+00:00","og_image":[{"width":1024,"height":1024,"url":"https:\/\/alhaythamgroup.com\/wp-content\/uploads\/2025\/09\/\u0641\u0631\u0646-\u0628\u0644\u062a-\u0627\u0646-\u0643\u0647\u0631\u0628\u0627\u0626\u064a-\u062c\u0648\u0631\u064a\u0646\u064a\u0627-\u0633\u062a\u0627\u0646\u0644\u0633-\u0633\u062a\u064a\u0644-89-\u0644\u062a\u0631-\u0628\u062a\u0635\u0645.-main.png","type":"image\/png"}],"twitter_card":"summary_large_image","twitter_misc":{"Est. reading time":"1 minute"},"schema":{"@context":"https:\/\/schema.org","@graph":[{"@type":"WebPage","@id":"https:\/\/alhaythamgroup.com\/en\/product\/gorinia-89l-built-in-electric-oven-stainless-steel\/","url":"https:\/\/alhaythamgroup.com\/en\/product\/gorinia-89l-built-in-electric-oven-stainless-steel\/","name":"Gorinia 89L Built-In Electric Oven","isPartOf":{"@id":"https:\/\/orangered-peafowl-413256.hostingersite.com\/en\/#website"},"primaryImageOfPage":{"@id":"https:\/\/alhaythamgroup.com\/en\/product\/gorinia-89l-built-in-electric-oven-stainless-steel\/#primaryimage"},"image":{"@id":"https:\/\/alhaythamgroup.com\/en\/product\/gorinia-89l-built-in-electric-oven-stainless-steel\/#primaryimage"},"thumbnailUrl":"https:\/\/alhaythamgroup.com\/wp-content\/uploads\/2025\/09\/\u0641\u0631\u0646-\u0628\u0644\u062a-\u0627\u0646-\u0643\u0647\u0631\u0628\u0627\u0626\u064a-\u062c\u0648\u0631\u064a\u0646\u064a\u0627-\u0633\u062a\u0627\u0646\u0644\u0633-\u0633\u062a\u064a\u0644-89-\u0644\u062a\u0631-\u0628\u062a\u0635\u0645.-main.png","datePublished":"2025-09-18T00:23:16+00:00","dateModified":"2026-01-20T00:35:25+00:00","description":"Get the Gorinia 89L built-in electric oven in stainless steel, perfect for quick, efficient cooking. Order now for outstanding performance and modern style.","breadcrumb":{"@id":"https:\/\/alhaythamgroup.com\/en\/product\/gorinia-89l-built-in-electric-oven-stainless-steel\/#breadcrumb"},"inLanguage":"en-US","potentialAction":[{"@type":"ReadAction","target":["https:\/\/alhaythamgroup.com\/en\/product\/gorinia-89l-built-in-electric-oven-stainless-steel\/"]}]},{"@type":"ImageObject","inLanguage":"en-US","@id":"https:\/\/alhaythamgroup.com\/en\/product\/gorinia-89l-built-in-electric-oven-stainless-steel\/#primaryimage","url":"https:\/\/alhaythamgroup.com\/wp-content\/uploads\/2025\/09\/\u0641\u0631\u0646-\u0628\u0644\u062a-\u0627\u0646-\u0643\u0647\u0631\u0628\u0627\u0626\u064a-\u062c\u0648\u0631\u064a\u0646\u064a\u0627-\u0633\u062a\u0627\u0646\u0644\u0633-\u0633\u062a\u064a\u0644-89-\u0644\u062a\u0631-\u0628\u062a\u0635\u0645.-main.png","contentUrl":"https:\/\/alhaythamgroup.com\/wp-content\/uploads\/2025\/09\/\u0641\u0631\u0646-\u0628\u0644\u062a-\u0627\u0646-\u0643\u0647\u0631\u0628\u0627\u0626\u064a-\u062c\u0648\u0631\u064a\u0646\u064a\u0627-\u0633\u062a\u0627\u0646\u0644\u0633-\u0633\u062a\u064a\u0644-89-\u0644\u062a\u0631-\u0628\u062a\u0635\u0645.-main.png","width":1024,"height":1024,"caption":"\u0641\u0631\u0646 \u0628\u0644\u062a \u0627\u0646 \u0643\u0647\u0631\u0628\u0627\u0626\u064a \u062c\u0648\u0631\u064a\u0646\u064a\u0627 \u0633\u062a\u0627\u0646\u0644\u0633 \u0633\u062a\u064a\u0644 89 \u0644\u062a\u0631 \u0628\u062a\u0635\u0645... main"},{"@type":"BreadcrumbList","@id":"https:\/\/alhaythamgroup.com\/en\/product\/gorinia-89l-built-in-electric-oven-stainless-steel\/#breadcrumb","itemListElement":[{"@type":"ListItem","position":1,"name":"Home","item":"https:\/\/alhaythamgroup.com\/en\/"},{"@type":"ListItem","position":2,"name":"\u0627\u0644\u0645\u0646\u062a\u062c\u0627\u062a","item":"https:\/\/alhaythamgroup.com\/en\/shop\/"},{"@type":"ListItem","position":3,"name":"Gorinia 89L Built-In Electric Oven in Stainless Steel &#8211; Sleek Design, High Performance"}]},{"@type":"WebSite","@id":"https:\/\/orangered-peafowl-413256.hostingersite.com\/en\/#website","url":"https:\/\/orangered-peafowl-413256.hostingersite.com\/en\/","name":"alhaythamgroup.com","description":"","publisher":{"@id":"https:\/\/orangered-peafowl-413256.hostingersite.com\/en\/#organization"},"potentialAction":[{"@type":"SearchAction","target":{"@type":"EntryPoint","urlTemplate":"https:\/\/orangered-peafowl-413256.hostingersite.com\/en\/?s={search_term_string}"},"query-input":{"@type":"PropertyValueSpecification","valueRequired":true,"valueName":"search_term_string"}}],"inLanguage":"en-US"},{"@type":"Organization","@id":"https:\/\/orangered-peafowl-413256.hostingersite.com\/en\/#organization","name":"alhaythamgroup.com","url":"https:\/\/orangered-peafowl-413256.hostingersite.com\/en\/","logo":{"@type":"ImageObject","inLanguage":"en-US","@id":"https:\/\/orangered-peafowl-413256.hostingersite.com\/en\/#\/schema\/logo\/image\/","url":"https:\/\/alhaythamgroup.com\/wp-content\/uploads\/2024\/10\/Al-Haytham-Logo-1.png","contentUrl":"https:\/\/alhaythamgroup.com\/wp-content\/uploads\/2024\/10\/Al-Haytham-Logo-1.png","width":277,"height":100,"caption":"alhaythamgroup.com"},"image":{"@id":"https:\/\/orangered-peafowl-413256.hostingersite.com\/en\/#\/schema\/logo\/image\/"}}]}},"_links":{"self":[{"href":"https:\/\/alhaythamgroup.com\/en\/wp-json\/wp\/v2\/product\/30717","targetHints":{"allow":["GET"]}}],"collection":[{"href":"https:\/\/alhaythamgroup.com\/en\/wp-json\/wp\/v2\/product"}],"about":[{"href":"https:\/\/alhaythamgroup.com\/en\/wp-json\/wp\/v2\/types\/product"}],"wp:featuredmedia":[{"embeddable":true,"href":"https:\/\/alhaythamgroup.com\/en\/wp-json\/wp\/v2\/media\/30719"}],"wp:attachment":[{"href":"https:\/\/alhaythamgroup.com\/en\/wp-json\/wp\/v2\/media?parent=30717"}],"wp:term":[{"taxonomy":"product_brand","embeddable":true,"href":"https:\/\/alhaythamgroup.com\/en\/wp-json\/wp\/v2\/product_brand?post=30717"},{"taxonomy":"product_cat","embeddable":true,"href":"https:\/\/alhaythamgroup.com\/en\/wp-json\/wp\/v2\/product_cat?post=30717"},{"taxonomy":"product_tag","embeddable":true,"href":"https:\/\/alhaythamgroup.com\/en\/wp-json\/wp\/v2\/product_tag?post=30717"}],"curies":[{"name":"wp","href":"https:\/\/api.w.org\/{rel}","templated":true}]}}