{"id":31173,"date":"2025-09-18T00:23:41","date_gmt":"2025-09-18T00:23:41","guid":{"rendered":"https:\/\/alhaythamgroup.com\/product\/%d8%aa%d9%88%d8%b1%d9%86%d9%8a%d8%af%d9%88-40-%d9%84%d8%aa%d8%b1-%d8%b3%d8%ae%d8%a7%d9%86-%d9%85%d9%8a%d8%a7%d9%87\/"},"modified":"2026-01-19T21:16:46","modified_gmt":"2026-01-19T21:16:46","slug":"tornado-40l-digital-electric-water-heater","status":"publish","type":"product","link":"https:\/\/alhaythamgroup.com\/en\/product\/tornado-40l-digital-electric-water-heater\/","title":{"rendered":"Tornedo 40L Digital Electric Water Heater &#8211; Sleek Design, 5-Year Warranty"},"content":{"rendered":"<span class=\"span-reading-time rt-reading-time\" style=\"display: block;\"><span class=\"rt-label rt-prefix\">Reading Time: <\/span> <span class=\"rt-time\"> &lt; 1<\/span> <span class=\"rt-label rt-postfix\">minute<\/span><\/span><h2>Tornado 40-Liter Electric Water Heater<\/h2>\n<p>The Tornado 40-Liter Electric Water Heater is one of the best options available on the market, combining high efficiency with a sleek design. Thanks to its 1500-watt electrical power rating, the heater can heat water quickly and efficiently, making it ideal for daily use.<\/p>\n<h3>Features of the Tornado Water Heater<\/h3>\n<ul>\n<li>Equipped with a digital display to show temperature and faults.<\/li>\n<li>Includes a LED indicator light to show the water heating process.<\/li>\n<li>The inner tank is enamel-coated, making it resistant to corrosion and rust.<\/li>\n<li>Comes with a 5-year comprehensive warranty, providing you with peace of mind.<\/li>\n<li>Features four touch-sensitive keys for easy control.<\/li>\n<li>Equipped with multiple safety features to ensure your safety and your family\u2019s safety.<\/li>\n<li>Includes a magnesium anode rod to resist corrosion and extend the heater\u2019s life.<\/li>\n<\/ul>\n<h3>Design and Dimensions<\/h3>\n<p>The Tornado water heater features a cylindrical round design, making it suitable for all spaces. Dimensions without the carton are 450 \u00d7 450 \u00d7 565 mm, while with the carton they are 532 \u00d7 532 \u00d7 665 mm. The net weight of the heater is 17.2 kg, and the gross weight is 19.9 kg.<\/p>\n<h3>Energy Efficiency<\/h3>\n<p>The Tornado water heater is energy-efficient, helping you reduce electricity bills. It also features fast heating, meaning you won\u2019t have to wait long for hot water.<\/p>\n<p>For more information about this amazing product, you can visit <a href=\"https:\/\/alhaythamgroup.com\/en\/\">Al-Haytham Group<\/a>.<\/p>\n","protected":false},"excerpt":{"rendered":"<p><span class=\"span-reading-time rt-reading-time\" style=\"display: block;\"><span class=\"rt-label rt-prefix\">Reading Time: <\/span> <span class=\"rt-time\"> &lt; 1<\/span> <span class=\"rt-label rt-postfix\">minute<\/span><\/span>Discover the Tornedo 40L electric water heater, delivering high efficiency with a 5-year warranty. Enjoy fast, reliable hot water for your home with ease.<\/p>\n","protected":false},"featured_media":31175,"template":"","meta":[],"product_brand":[],"product_cat":[],"product_tag":[719,802],"class_list":{"0":"post-31173","1":"product","2":"type-product","3":"status-publish","4":"has-post-thumbnail","6":"product_tag-the-lowest-price","7":"product_tag-the-lowest-price-11-04-2026","10":"first","11":"outofstock","12":"sale","13":"shipping-taxable","14":"purchasable","15":"product-type-simple"},"yoast_head":"<!-- This site is optimized with the Yoast SEO Premium plugin v25.7.1 (Yoast SEO v25.7) - https:\/\/yoast.com\/wordpress\/plugins\/seo\/ -->\n<title>Tornedo Electric Water Heater 40L - Efficiency and Safety<\/title>\n<meta name=\"description\" content=\"Discover the Tornedo 40L electric water heater, delivering high efficiency with a 5-year warranty. Enjoy fast, reliable hot water for your home with ease.\" \/>\n<meta name=\"robots\" content=\"index, follow, max-snippet:-1, max-image-preview:large, max-video-preview:-1\" \/>\n<link rel=\"canonical\" href=\"https:\/\/alhaythamgroup.com\/en\/product\/tornado-40l-digital-electric-water-heater\/\" \/>\n<meta property=\"og:locale\" content=\"en_US\" \/>\n<meta property=\"og:type\" content=\"article\" \/>\n<meta property=\"og:title\" content=\"Tornedo 40L Digital Electric Water Heater - Sleek Design, 5-Year Warranty\" \/>\n<meta property=\"og:description\" content=\"Discover the Tornedo 40L electric water heater, delivering high efficiency with a 5-year warranty. Enjoy fast, reliable hot water for your home with ease.\" \/>\n<meta property=\"og:url\" content=\"https:\/\/alhaythamgroup.com\/en\/product\/tornado-40l-digital-electric-water-heater\/\" \/>\n<meta property=\"og:site_name\" content=\"alhaythamgroup.com\" \/>\n<meta property=\"article:modified_time\" content=\"2026-01-19T21:16:46+00:00\" \/>\n<meta property=\"og:image\" content=\"https:\/\/alhaythamgroup.com\/wp-content\/uploads\/2025\/09\/\u0633\u062e\u0627\u0646-\u0645\u064a\u0627\u0647-\u062a\u0648\u0631\u0646\u064a\u062f\u0648-\u0643\u0647\u0631\u0628\u0627\u0621-40-\u0644\u062a\u0631-\u062f\u064a\u062c\u064a\u062a\u0627\u0644-\u0628\u062a\u0635\u0645\u064a\u0645-\u0623\u0646\u064a.-main.png\" \/>\n\t<meta property=\"og:image:width\" content=\"1024\" \/>\n\t<meta property=\"og:image:height\" content=\"1024\" \/>\n\t<meta property=\"og:image:type\" content=\"image\/png\" \/>\n<meta name=\"twitter:card\" content=\"summary_large_image\" \/>\n<meta name=\"twitter:label1\" content=\"Est. reading time\" \/>\n\t<meta name=\"twitter:data1\" content=\"1 minute\" \/>\n<script type=\"application\/ld+json\" class=\"yoast-schema-graph\">{\"@context\":\"https:\/\/schema.org\",\"@graph\":[{\"@type\":\"WebPage\",\"@id\":\"https:\/\/alhaythamgroup.com\/en\/product\/tornado-40l-digital-electric-water-heater\/\",\"url\":\"https:\/\/alhaythamgroup.com\/en\/product\/tornado-40l-digital-electric-water-heater\/\",\"name\":\"Tornedo Electric Water Heater 40L - Efficiency and Safety\",\"isPartOf\":{\"@id\":\"https:\/\/orangered-peafowl-413256.hostingersite.com\/en\/#website\"},\"primaryImageOfPage\":{\"@id\":\"https:\/\/alhaythamgroup.com\/en\/product\/tornado-40l-digital-electric-water-heater\/#primaryimage\"},\"image\":{\"@id\":\"https:\/\/alhaythamgroup.com\/en\/product\/tornado-40l-digital-electric-water-heater\/#primaryimage\"},\"thumbnailUrl\":\"https:\/\/alhaythamgroup.com\/wp-content\/uploads\/2025\/09\/\u0633\u062e\u0627\u0646-\u0645\u064a\u0627\u0647-\u062a\u0648\u0631\u0646\u064a\u062f\u0648-\u0643\u0647\u0631\u0628\u0627\u0621-40-\u0644\u062a\u0631-\u062f\u064a\u062c\u064a\u062a\u0627\u0644-\u0628\u062a\u0635\u0645\u064a\u0645-\u0623\u0646\u064a.-main.png\",\"datePublished\":\"2025-09-18T00:23:41+00:00\",\"dateModified\":\"2026-01-19T21:16:46+00:00\",\"description\":\"Discover the Tornedo 40L electric water heater, delivering high efficiency with a 5-year warranty. Enjoy fast, reliable hot water for your home with ease.\",\"breadcrumb\":{\"@id\":\"https:\/\/alhaythamgroup.com\/en\/product\/tornado-40l-digital-electric-water-heater\/#breadcrumb\"},\"inLanguage\":\"en-US\",\"potentialAction\":[{\"@type\":\"ReadAction\",\"target\":[\"https:\/\/alhaythamgroup.com\/en\/product\/tornado-40l-digital-electric-water-heater\/\"]}]},{\"@type\":\"ImageObject\",\"inLanguage\":\"en-US\",\"@id\":\"https:\/\/alhaythamgroup.com\/en\/product\/tornado-40l-digital-electric-water-heater\/#primaryimage\",\"url\":\"https:\/\/alhaythamgroup.com\/wp-content\/uploads\/2025\/09\/\u0633\u062e\u0627\u0646-\u0645\u064a\u0627\u0647-\u062a\u0648\u0631\u0646\u064a\u062f\u0648-\u0643\u0647\u0631\u0628\u0627\u0621-40-\u0644\u062a\u0631-\u062f\u064a\u062c\u064a\u062a\u0627\u0644-\u0628\u062a\u0635\u0645\u064a\u0645-\u0623\u0646\u064a.-main.png\",\"contentUrl\":\"https:\/\/alhaythamgroup.com\/wp-content\/uploads\/2025\/09\/\u0633\u062e\u0627\u0646-\u0645\u064a\u0627\u0647-\u062a\u0648\u0631\u0646\u064a\u062f\u0648-\u0643\u0647\u0631\u0628\u0627\u0621-40-\u0644\u062a\u0631-\u062f\u064a\u062c\u064a\u062a\u0627\u0644-\u0628\u062a\u0635\u0645\u064a\u0645-\u0623\u0646\u064a.-main.png\",\"width\":1024,\"height\":1024,\"caption\":\"\u0633\u062e\u0627\u0646 \u0645\u064a\u0627\u0647 \u062a\u0648\u0631\u0646\u064a\u062f\u0648 \u0643\u0647\u0631\u0628\u0627\u0621 40 \u0644\u062a\u0631 \u062f\u064a\u062c\u064a\u062a\u0627\u0644 \u0628\u062a\u0635\u0645\u064a\u0645 \u0623\u0646\u064a... main\"},{\"@type\":\"BreadcrumbList\",\"@id\":\"https:\/\/alhaythamgroup.com\/en\/product\/tornado-40l-digital-electric-water-heater\/#breadcrumb\",\"itemListElement\":[{\"@type\":\"ListItem\",\"position\":1,\"name\":\"Home\",\"item\":\"https:\/\/alhaythamgroup.com\/en\/\"},{\"@type\":\"ListItem\",\"position\":2,\"name\":\"\u0627\u0644\u0645\u0646\u062a\u062c\u0627\u062a\",\"item\":\"https:\/\/alhaythamgroup.com\/en\/shop\/\"},{\"@type\":\"ListItem\",\"position\":3,\"name\":\"Tornedo 40L Digital Electric Water Heater &#8211; Sleek Design, 5-Year Warranty\"}]},{\"@type\":\"WebSite\",\"@id\":\"https:\/\/orangered-peafowl-413256.hostingersite.com\/en\/#website\",\"url\":\"https:\/\/orangered-peafowl-413256.hostingersite.com\/en\/\",\"name\":\"alhaythamgroup.com\",\"description\":\"\",\"publisher\":{\"@id\":\"https:\/\/orangered-peafowl-413256.hostingersite.com\/en\/#organization\"},\"potentialAction\":[{\"@type\":\"SearchAction\",\"target\":{\"@type\":\"EntryPoint\",\"urlTemplate\":\"https:\/\/orangered-peafowl-413256.hostingersite.com\/en\/?s={search_term_string}\"},\"query-input\":{\"@type\":\"PropertyValueSpecification\",\"valueRequired\":true,\"valueName\":\"search_term_string\"}}],\"inLanguage\":\"en-US\"},{\"@type\":\"Organization\",\"@id\":\"https:\/\/orangered-peafowl-413256.hostingersite.com\/en\/#organization\",\"name\":\"alhaythamgroup.com\",\"url\":\"https:\/\/orangered-peafowl-413256.hostingersite.com\/en\/\",\"logo\":{\"@type\":\"ImageObject\",\"inLanguage\":\"en-US\",\"@id\":\"https:\/\/orangered-peafowl-413256.hostingersite.com\/en\/#\/schema\/logo\/image\/\",\"url\":\"https:\/\/alhaythamgroup.com\/wp-content\/uploads\/2024\/10\/Al-Haytham-Logo-1.png\",\"contentUrl\":\"https:\/\/alhaythamgroup.com\/wp-content\/uploads\/2024\/10\/Al-Haytham-Logo-1.png\",\"width\":277,\"height\":100,\"caption\":\"alhaythamgroup.com\"},\"image\":{\"@id\":\"https:\/\/orangered-peafowl-413256.hostingersite.com\/en\/#\/schema\/logo\/image\/\"}}]}<\/script>\n<!-- \/ Yoast SEO Premium plugin. -->","yoast_head_json":{"title":"Tornedo Electric Water Heater 40L - Efficiency and Safety","description":"Discover the Tornedo 40L electric water heater, delivering high efficiency with a 5-year warranty. Enjoy fast, reliable hot water for your home with ease.","robots":{"index":"index","follow":"follow","max-snippet":"max-snippet:-1","max-image-preview":"max-image-preview:large","max-video-preview":"max-video-preview:-1"},"canonical":"https:\/\/alhaythamgroup.com\/en\/product\/tornado-40l-digital-electric-water-heater\/","og_locale":"en_US","og_type":"article","og_title":"Tornedo 40L Digital Electric Water Heater - Sleek Design, 5-Year Warranty","og_description":"Discover the Tornedo 40L electric water heater, delivering high efficiency with a 5-year warranty. Enjoy fast, reliable hot water for your home with ease.","og_url":"https:\/\/alhaythamgroup.com\/en\/product\/tornado-40l-digital-electric-water-heater\/","og_site_name":"alhaythamgroup.com","article_modified_time":"2026-01-19T21:16:46+00:00","og_image":[{"width":1024,"height":1024,"url":"https:\/\/alhaythamgroup.com\/wp-content\/uploads\/2025\/09\/\u0633\u062e\u0627\u0646-\u0645\u064a\u0627\u0647-\u062a\u0648\u0631\u0646\u064a\u062f\u0648-\u0643\u0647\u0631\u0628\u0627\u0621-40-\u0644\u062a\u0631-\u062f\u064a\u062c\u064a\u062a\u0627\u0644-\u0628\u062a\u0635\u0645\u064a\u0645-\u0623\u0646\u064a.-main.png","type":"image\/png"}],"twitter_card":"summary_large_image","twitter_misc":{"Est. reading time":"1 minute"},"schema":{"@context":"https:\/\/schema.org","@graph":[{"@type":"WebPage","@id":"https:\/\/alhaythamgroup.com\/en\/product\/tornado-40l-digital-electric-water-heater\/","url":"https:\/\/alhaythamgroup.com\/en\/product\/tornado-40l-digital-electric-water-heater\/","name":"Tornedo Electric Water Heater 40L - Efficiency and Safety","isPartOf":{"@id":"https:\/\/orangered-peafowl-413256.hostingersite.com\/en\/#website"},"primaryImageOfPage":{"@id":"https:\/\/alhaythamgroup.com\/en\/product\/tornado-40l-digital-electric-water-heater\/#primaryimage"},"image":{"@id":"https:\/\/alhaythamgroup.com\/en\/product\/tornado-40l-digital-electric-water-heater\/#primaryimage"},"thumbnailUrl":"https:\/\/alhaythamgroup.com\/wp-content\/uploads\/2025\/09\/\u0633\u062e\u0627\u0646-\u0645\u064a\u0627\u0647-\u062a\u0648\u0631\u0646\u064a\u062f\u0648-\u0643\u0647\u0631\u0628\u0627\u0621-40-\u0644\u062a\u0631-\u062f\u064a\u062c\u064a\u062a\u0627\u0644-\u0628\u062a\u0635\u0645\u064a\u0645-\u0623\u0646\u064a.-main.png","datePublished":"2025-09-18T00:23:41+00:00","dateModified":"2026-01-19T21:16:46+00:00","description":"Discover the Tornedo 40L electric water heater, delivering high efficiency with a 5-year warranty. Enjoy fast, reliable hot water for your home with ease.","breadcrumb":{"@id":"https:\/\/alhaythamgroup.com\/en\/product\/tornado-40l-digital-electric-water-heater\/#breadcrumb"},"inLanguage":"en-US","potentialAction":[{"@type":"ReadAction","target":["https:\/\/alhaythamgroup.com\/en\/product\/tornado-40l-digital-electric-water-heater\/"]}]},{"@type":"ImageObject","inLanguage":"en-US","@id":"https:\/\/alhaythamgroup.com\/en\/product\/tornado-40l-digital-electric-water-heater\/#primaryimage","url":"https:\/\/alhaythamgroup.com\/wp-content\/uploads\/2025\/09\/\u0633\u062e\u0627\u0646-\u0645\u064a\u0627\u0647-\u062a\u0648\u0631\u0646\u064a\u062f\u0648-\u0643\u0647\u0631\u0628\u0627\u0621-40-\u0644\u062a\u0631-\u062f\u064a\u062c\u064a\u062a\u0627\u0644-\u0628\u062a\u0635\u0645\u064a\u0645-\u0623\u0646\u064a.-main.png","contentUrl":"https:\/\/alhaythamgroup.com\/wp-content\/uploads\/2025\/09\/\u0633\u062e\u0627\u0646-\u0645\u064a\u0627\u0647-\u062a\u0648\u0631\u0646\u064a\u062f\u0648-\u0643\u0647\u0631\u0628\u0627\u0621-40-\u0644\u062a\u0631-\u062f\u064a\u062c\u064a\u062a\u0627\u0644-\u0628\u062a\u0635\u0645\u064a\u0645-\u0623\u0646\u064a.-main.png","width":1024,"height":1024,"caption":"\u0633\u062e\u0627\u0646 \u0645\u064a\u0627\u0647 \u062a\u0648\u0631\u0646\u064a\u062f\u0648 \u0643\u0647\u0631\u0628\u0627\u0621 40 \u0644\u062a\u0631 \u062f\u064a\u062c\u064a\u062a\u0627\u0644 \u0628\u062a\u0635\u0645\u064a\u0645 \u0623\u0646\u064a... main"},{"@type":"BreadcrumbList","@id":"https:\/\/alhaythamgroup.com\/en\/product\/tornado-40l-digital-electric-water-heater\/#breadcrumb","itemListElement":[{"@type":"ListItem","position":1,"name":"Home","item":"https:\/\/alhaythamgroup.com\/en\/"},{"@type":"ListItem","position":2,"name":"\u0627\u0644\u0645\u0646\u062a\u062c\u0627\u062a","item":"https:\/\/alhaythamgroup.com\/en\/shop\/"},{"@type":"ListItem","position":3,"name":"Tornedo 40L Digital Electric Water Heater &#8211; Sleek Design, 5-Year Warranty"}]},{"@type":"WebSite","@id":"https:\/\/orangered-peafowl-413256.hostingersite.com\/en\/#website","url":"https:\/\/orangered-peafowl-413256.hostingersite.com\/en\/","name":"alhaythamgroup.com","description":"","publisher":{"@id":"https:\/\/orangered-peafowl-413256.hostingersite.com\/en\/#organization"},"potentialAction":[{"@type":"SearchAction","target":{"@type":"EntryPoint","urlTemplate":"https:\/\/orangered-peafowl-413256.hostingersite.com\/en\/?s={search_term_string}"},"query-input":{"@type":"PropertyValueSpecification","valueRequired":true,"valueName":"search_term_string"}}],"inLanguage":"en-US"},{"@type":"Organization","@id":"https:\/\/orangered-peafowl-413256.hostingersite.com\/en\/#organization","name":"alhaythamgroup.com","url":"https:\/\/orangered-peafowl-413256.hostingersite.com\/en\/","logo":{"@type":"ImageObject","inLanguage":"en-US","@id":"https:\/\/orangered-peafowl-413256.hostingersite.com\/en\/#\/schema\/logo\/image\/","url":"https:\/\/alhaythamgroup.com\/wp-content\/uploads\/2024\/10\/Al-Haytham-Logo-1.png","contentUrl":"https:\/\/alhaythamgroup.com\/wp-content\/uploads\/2024\/10\/Al-Haytham-Logo-1.png","width":277,"height":100,"caption":"alhaythamgroup.com"},"image":{"@id":"https:\/\/orangered-peafowl-413256.hostingersite.com\/en\/#\/schema\/logo\/image\/"}}]}},"_links":{"self":[{"href":"https:\/\/alhaythamgroup.com\/en\/wp-json\/wp\/v2\/product\/31173","targetHints":{"allow":["GET"]}}],"collection":[{"href":"https:\/\/alhaythamgroup.com\/en\/wp-json\/wp\/v2\/product"}],"about":[{"href":"https:\/\/alhaythamgroup.com\/en\/wp-json\/wp\/v2\/types\/product"}],"wp:featuredmedia":[{"embeddable":true,"href":"https:\/\/alhaythamgroup.com\/en\/wp-json\/wp\/v2\/media\/31175"}],"wp:attachment":[{"href":"https:\/\/alhaythamgroup.com\/en\/wp-json\/wp\/v2\/media?parent=31173"}],"wp:term":[{"taxonomy":"product_brand","embeddable":true,"href":"https:\/\/alhaythamgroup.com\/en\/wp-json\/wp\/v2\/product_brand?post=31173"},{"taxonomy":"product_cat","embeddable":true,"href":"https:\/\/alhaythamgroup.com\/en\/wp-json\/wp\/v2\/product_cat?post=31173"},{"taxonomy":"product_tag","embeddable":true,"href":"https:\/\/alhaythamgroup.com\/en\/wp-json\/wp\/v2\/product_tag?post=31173"}],"curies":[{"name":"wp","href":"https:\/\/api.w.org\/{rel}","templated":true}]}}