{"id":31191,"date":"2025-09-18T00:23:42","date_gmt":"2025-09-18T00:23:42","guid":{"rendered":"https:\/\/alhaythamgroup.com\/product\/%d8%aa%d9%88%d8%b1%d9%86%d9%8a%d8%af%d9%88-30-%d9%84%d8%aa%d8%b1-%d8%b3%d8%ae%d8%a7%d9%86-%d9%85%d9%8a%d8%a7%d9%87\/"},"modified":"2026-01-19T21:16:44","modified_gmt":"2026-01-19T21:16:44","slug":"tornado-electric-water-heater-30l-digital-silver","status":"publish","type":"product","link":"https:\/\/alhaythamgroup.com\/en\/product\/tornado-electric-water-heater-30l-digital-silver\/","title":{"rendered":"Tornado Electric Water Heater 30L &#8211; Digital Silver with 5-Year Warranty"},"content":{"rendered":"<span class=\"span-reading-time rt-reading-time\" style=\"display: block;\"><span class=\"rt-label rt-prefix\">Reading Time: <\/span> <span class=\"rt-time\"> &lt; 1<\/span> <span class=\"rt-label rt-postfix\">minute<\/span><\/span><h2>Tornado Electric Water Heater 30 L<\/h2>\n<p>The Tornado Electric Water Heater 30 L, enamel, digital, silver TEEE-30DS, is one of the best options available on the market. This heater features a high power rating of 1500 watts, ensuring fast and efficient water heating. <\/p>\n<h3>Features of Tornado Water Heater<\/h3>\n<ul>\n<li>30 L capacity, suitable for all family needs.<\/li>\n<li>Advanced digital display to show temperature and faults.<\/li>\n<li>LED indicator light for the water heating process.<\/li>\n<li>The inner tank is enamel-coated, making it corrosion- and rust-resistant.<\/li>\n<li>5 years comprehensive free warranty, giving you peace of mind.<\/li>\n<\/ul>\n<h3>Safety and Efficiency<\/h3>\n<p>Tornado Electric Water Heater features top safety standards, including 5 safety factors such as a sensor to cut off electricity when the temperature rises, and a safety valve to prevent pressure buildup. The heating element is made of copper, ensuring high efficiency in heating water.<\/p>\n<h3>Ease of Use<\/h3>\n<p>The heater comes with four touch-activated keys, making it easy to control its operation and its temperature. It also features multiple modes including Normal mode, Economy mode, and Cleaning mode, making it an ideal choice for any home.<\/p>\n<h3>Design and Specifications<\/h3>\n<p>The Tornado water heater features a cylindrical round design, making it suitable for installation anywhere. Its dimensions are 450 \u00d7 450 \u00d7 490 mm without the carton and 532 \u00d7 532 \u00d7 588 mm with the carton, and its net weight is 15.6 kg. The heater is available in the elegant Silver color.<\/p>\n<p>For more information, you can visit <a href=\"https:\/\/alhaythamgroup.com\/en\/\">Al-Haytham Group<\/a>.<\/p>\n","protected":false},"excerpt":{"rendered":"<p><span class=\"span-reading-time rt-reading-time\" style=\"display: block;\"><span class=\"rt-label rt-prefix\">Reading Time: <\/span> <span class=\"rt-time\"> &lt; 1<\/span> <span class=\"rt-label rt-postfix\">minute<\/span><\/span>Get the Tornado 30L electric water heater with a 5-year warranty. Fast, safe heating and reliable performance. Order now for instant hot water.<\/p>\n","protected":false},"featured_media":31193,"template":"","meta":[],"product_brand":[],"product_cat":[],"product_tag":[719,802],"class_list":{"0":"post-31191","1":"product","2":"type-product","3":"status-publish","4":"has-post-thumbnail","6":"product_tag-the-lowest-price","7":"product_tag-the-lowest-price-11-04-2026","10":"first","11":"instock","12":"sale","13":"shipping-taxable","14":"purchasable","15":"product-type-simple"},"yoast_head":"<!-- This site is optimized with the Yoast SEO Premium plugin v25.7.1 (Yoast SEO v25.7) - https:\/\/yoast.com\/wordpress\/plugins\/seo\/ -->\n<title>Tornado 30L Electric Water Heater - Efficiency &amp; Safety<\/title>\n<meta name=\"description\" content=\"Get the Tornado 30L electric water heater with a 5-year warranty. Fast, safe heating and reliable performance. Order now for instant hot water.\" \/>\n<meta name=\"robots\" content=\"index, follow, max-snippet:-1, max-image-preview:large, max-video-preview:-1\" \/>\n<link rel=\"canonical\" href=\"https:\/\/alhaythamgroup.com\/en\/product\/tornado-electric-water-heater-30l-digital-silver\/\" \/>\n<meta property=\"og:locale\" content=\"en_US\" \/>\n<meta property=\"og:type\" content=\"article\" \/>\n<meta property=\"og:title\" content=\"Tornado Electric Water Heater 30L - Digital Silver with 5-Year Warranty\" \/>\n<meta property=\"og:description\" content=\"Get the Tornado 30L electric water heater with a 5-year warranty. Fast, safe heating and reliable performance. Order now for instant hot water.\" \/>\n<meta property=\"og:url\" content=\"https:\/\/alhaythamgroup.com\/en\/product\/tornado-electric-water-heater-30l-digital-silver\/\" \/>\n<meta property=\"og:site_name\" content=\"alhaythamgroup.com\" \/>\n<meta property=\"article:modified_time\" content=\"2026-01-19T21:16:44+00:00\" \/>\n<meta property=\"og:image\" content=\"https:\/\/alhaythamgroup.com\/wp-content\/uploads\/2025\/09\/\u0633\u062e\u0627\u0646-\u0645\u064a\u0627\u0647-\u062a\u0648\u0631\u0646\u064a\u062f\u0648-\u0643\u0647\u0631\u0628\u0627\u0621-30-\u0644\u062a\u0631-\u062f\u064a\u062c\u064a\u062a\u0627\u0644-\u0623\u0628\u064a\u0636-\u0645\u0639-\u0636\u0645.-main.png\" \/>\n\t<meta property=\"og:image:width\" content=\"1024\" \/>\n\t<meta property=\"og:image:height\" content=\"1024\" \/>\n\t<meta property=\"og:image:type\" content=\"image\/png\" \/>\n<meta name=\"twitter:card\" content=\"summary_large_image\" \/>\n<meta name=\"twitter:label1\" content=\"Est. reading time\" \/>\n\t<meta name=\"twitter:data1\" content=\"1 minute\" \/>\n<script type=\"application\/ld+json\" class=\"yoast-schema-graph\">{\"@context\":\"https:\/\/schema.org\",\"@graph\":[{\"@type\":\"WebPage\",\"@id\":\"https:\/\/alhaythamgroup.com\/en\/product\/tornado-electric-water-heater-30l-digital-silver\/\",\"url\":\"https:\/\/alhaythamgroup.com\/en\/product\/tornado-electric-water-heater-30l-digital-silver\/\",\"name\":\"Tornado 30L Electric Water Heater - Efficiency & Safety\",\"isPartOf\":{\"@id\":\"https:\/\/orangered-peafowl-413256.hostingersite.com\/en\/#website\"},\"primaryImageOfPage\":{\"@id\":\"https:\/\/alhaythamgroup.com\/en\/product\/tornado-electric-water-heater-30l-digital-silver\/#primaryimage\"},\"image\":{\"@id\":\"https:\/\/alhaythamgroup.com\/en\/product\/tornado-electric-water-heater-30l-digital-silver\/#primaryimage\"},\"thumbnailUrl\":\"https:\/\/alhaythamgroup.com\/wp-content\/uploads\/2025\/09\/\u0633\u062e\u0627\u0646-\u0645\u064a\u0627\u0647-\u062a\u0648\u0631\u0646\u064a\u062f\u0648-\u0643\u0647\u0631\u0628\u0627\u0621-30-\u0644\u062a\u0631-\u062f\u064a\u062c\u064a\u062a\u0627\u0644-\u0623\u0628\u064a\u0636-\u0645\u0639-\u0636\u0645.-main.png\",\"datePublished\":\"2025-09-18T00:23:42+00:00\",\"dateModified\":\"2026-01-19T21:16:44+00:00\",\"description\":\"Get the Tornado 30L electric water heater with a 5-year warranty. Fast, safe heating and reliable performance. Order now for instant hot water.\",\"breadcrumb\":{\"@id\":\"https:\/\/alhaythamgroup.com\/en\/product\/tornado-electric-water-heater-30l-digital-silver\/#breadcrumb\"},\"inLanguage\":\"en-US\",\"potentialAction\":[{\"@type\":\"ReadAction\",\"target\":[\"https:\/\/alhaythamgroup.com\/en\/product\/tornado-electric-water-heater-30l-digital-silver\/\"]}]},{\"@type\":\"ImageObject\",\"inLanguage\":\"en-US\",\"@id\":\"https:\/\/alhaythamgroup.com\/en\/product\/tornado-electric-water-heater-30l-digital-silver\/#primaryimage\",\"url\":\"https:\/\/alhaythamgroup.com\/wp-content\/uploads\/2025\/09\/\u0633\u062e\u0627\u0646-\u0645\u064a\u0627\u0647-\u062a\u0648\u0631\u0646\u064a\u062f\u0648-\u0643\u0647\u0631\u0628\u0627\u0621-30-\u0644\u062a\u0631-\u062f\u064a\u062c\u064a\u062a\u0627\u0644-\u0623\u0628\u064a\u0636-\u0645\u0639-\u0636\u0645.-main.png\",\"contentUrl\":\"https:\/\/alhaythamgroup.com\/wp-content\/uploads\/2025\/09\/\u0633\u062e\u0627\u0646-\u0645\u064a\u0627\u0647-\u062a\u0648\u0631\u0646\u064a\u062f\u0648-\u0643\u0647\u0631\u0628\u0627\u0621-30-\u0644\u062a\u0631-\u062f\u064a\u062c\u064a\u062a\u0627\u0644-\u0623\u0628\u064a\u0636-\u0645\u0639-\u0636\u0645.-main.png\",\"width\":1024,\"height\":1024,\"caption\":\"\u0633\u062e\u0627\u0646 \u0645\u064a\u0627\u0647 \u062a\u0648\u0631\u0646\u064a\u062f\u0648 \u0643\u0647\u0631\u0628\u0627\u0621 30 \u0644\u062a\u0631 \u062f\u064a\u062c\u064a\u062a\u0627\u0644 \u0623\u0628\u064a\u0636 \u0645\u0639 \u0636\u0645... main\"},{\"@type\":\"BreadcrumbList\",\"@id\":\"https:\/\/alhaythamgroup.com\/en\/product\/tornado-electric-water-heater-30l-digital-silver\/#breadcrumb\",\"itemListElement\":[{\"@type\":\"ListItem\",\"position\":1,\"name\":\"Home\",\"item\":\"https:\/\/alhaythamgroup.com\/en\/\"},{\"@type\":\"ListItem\",\"position\":2,\"name\":\"\u0627\u0644\u0645\u0646\u062a\u062c\u0627\u062a\",\"item\":\"https:\/\/alhaythamgroup.com\/en\/shop\/\"},{\"@type\":\"ListItem\",\"position\":3,\"name\":\"Tornado Electric Water Heater 30L &#8211; Digital Silver with 5-Year Warranty\"}]},{\"@type\":\"WebSite\",\"@id\":\"https:\/\/orangered-peafowl-413256.hostingersite.com\/en\/#website\",\"url\":\"https:\/\/orangered-peafowl-413256.hostingersite.com\/en\/\",\"name\":\"alhaythamgroup.com\",\"description\":\"\",\"publisher\":{\"@id\":\"https:\/\/orangered-peafowl-413256.hostingersite.com\/en\/#organization\"},\"potentialAction\":[{\"@type\":\"SearchAction\",\"target\":{\"@type\":\"EntryPoint\",\"urlTemplate\":\"https:\/\/orangered-peafowl-413256.hostingersite.com\/en\/?s={search_term_string}\"},\"query-input\":{\"@type\":\"PropertyValueSpecification\",\"valueRequired\":true,\"valueName\":\"search_term_string\"}}],\"inLanguage\":\"en-US\"},{\"@type\":\"Organization\",\"@id\":\"https:\/\/orangered-peafowl-413256.hostingersite.com\/en\/#organization\",\"name\":\"alhaythamgroup.com\",\"url\":\"https:\/\/orangered-peafowl-413256.hostingersite.com\/en\/\",\"logo\":{\"@type\":\"ImageObject\",\"inLanguage\":\"en-US\",\"@id\":\"https:\/\/orangered-peafowl-413256.hostingersite.com\/en\/#\/schema\/logo\/image\/\",\"url\":\"https:\/\/alhaythamgroup.com\/wp-content\/uploads\/2024\/10\/Al-Haytham-Logo-1.png\",\"contentUrl\":\"https:\/\/alhaythamgroup.com\/wp-content\/uploads\/2024\/10\/Al-Haytham-Logo-1.png\",\"width\":277,\"height\":100,\"caption\":\"alhaythamgroup.com\"},\"image\":{\"@id\":\"https:\/\/orangered-peafowl-413256.hostingersite.com\/en\/#\/schema\/logo\/image\/\"}}]}<\/script>\n<!-- \/ Yoast SEO Premium plugin. -->","yoast_head_json":{"title":"Tornado 30L Electric Water Heater - Efficiency & Safety","description":"Get the Tornado 30L electric water heater with a 5-year warranty. Fast, safe heating and reliable performance. Order now for instant hot water.","robots":{"index":"index","follow":"follow","max-snippet":"max-snippet:-1","max-image-preview":"max-image-preview:large","max-video-preview":"max-video-preview:-1"},"canonical":"https:\/\/alhaythamgroup.com\/en\/product\/tornado-electric-water-heater-30l-digital-silver\/","og_locale":"en_US","og_type":"article","og_title":"Tornado Electric Water Heater 30L - Digital Silver with 5-Year Warranty","og_description":"Get the Tornado 30L electric water heater with a 5-year warranty. Fast, safe heating and reliable performance. Order now for instant hot water.","og_url":"https:\/\/alhaythamgroup.com\/en\/product\/tornado-electric-water-heater-30l-digital-silver\/","og_site_name":"alhaythamgroup.com","article_modified_time":"2026-01-19T21:16:44+00:00","og_image":[{"width":1024,"height":1024,"url":"https:\/\/alhaythamgroup.com\/wp-content\/uploads\/2025\/09\/\u0633\u062e\u0627\u0646-\u0645\u064a\u0627\u0647-\u062a\u0648\u0631\u0646\u064a\u062f\u0648-\u0643\u0647\u0631\u0628\u0627\u0621-30-\u0644\u062a\u0631-\u062f\u064a\u062c\u064a\u062a\u0627\u0644-\u0623\u0628\u064a\u0636-\u0645\u0639-\u0636\u0645.-main.png","type":"image\/png"}],"twitter_card":"summary_large_image","twitter_misc":{"Est. reading time":"1 minute"},"schema":{"@context":"https:\/\/schema.org","@graph":[{"@type":"WebPage","@id":"https:\/\/alhaythamgroup.com\/en\/product\/tornado-electric-water-heater-30l-digital-silver\/","url":"https:\/\/alhaythamgroup.com\/en\/product\/tornado-electric-water-heater-30l-digital-silver\/","name":"Tornado 30L Electric Water Heater - Efficiency & Safety","isPartOf":{"@id":"https:\/\/orangered-peafowl-413256.hostingersite.com\/en\/#website"},"primaryImageOfPage":{"@id":"https:\/\/alhaythamgroup.com\/en\/product\/tornado-electric-water-heater-30l-digital-silver\/#primaryimage"},"image":{"@id":"https:\/\/alhaythamgroup.com\/en\/product\/tornado-electric-water-heater-30l-digital-silver\/#primaryimage"},"thumbnailUrl":"https:\/\/alhaythamgroup.com\/wp-content\/uploads\/2025\/09\/\u0633\u062e\u0627\u0646-\u0645\u064a\u0627\u0647-\u062a\u0648\u0631\u0646\u064a\u062f\u0648-\u0643\u0647\u0631\u0628\u0627\u0621-30-\u0644\u062a\u0631-\u062f\u064a\u062c\u064a\u062a\u0627\u0644-\u0623\u0628\u064a\u0636-\u0645\u0639-\u0636\u0645.-main.png","datePublished":"2025-09-18T00:23:42+00:00","dateModified":"2026-01-19T21:16:44+00:00","description":"Get the Tornado 30L electric water heater with a 5-year warranty. Fast, safe heating and reliable performance. Order now for instant hot water.","breadcrumb":{"@id":"https:\/\/alhaythamgroup.com\/en\/product\/tornado-electric-water-heater-30l-digital-silver\/#breadcrumb"},"inLanguage":"en-US","potentialAction":[{"@type":"ReadAction","target":["https:\/\/alhaythamgroup.com\/en\/product\/tornado-electric-water-heater-30l-digital-silver\/"]}]},{"@type":"ImageObject","inLanguage":"en-US","@id":"https:\/\/alhaythamgroup.com\/en\/product\/tornado-electric-water-heater-30l-digital-silver\/#primaryimage","url":"https:\/\/alhaythamgroup.com\/wp-content\/uploads\/2025\/09\/\u0633\u062e\u0627\u0646-\u0645\u064a\u0627\u0647-\u062a\u0648\u0631\u0646\u064a\u062f\u0648-\u0643\u0647\u0631\u0628\u0627\u0621-30-\u0644\u062a\u0631-\u062f\u064a\u062c\u064a\u062a\u0627\u0644-\u0623\u0628\u064a\u0636-\u0645\u0639-\u0636\u0645.-main.png","contentUrl":"https:\/\/alhaythamgroup.com\/wp-content\/uploads\/2025\/09\/\u0633\u062e\u0627\u0646-\u0645\u064a\u0627\u0647-\u062a\u0648\u0631\u0646\u064a\u062f\u0648-\u0643\u0647\u0631\u0628\u0627\u0621-30-\u0644\u062a\u0631-\u062f\u064a\u062c\u064a\u062a\u0627\u0644-\u0623\u0628\u064a\u0636-\u0645\u0639-\u0636\u0645.-main.png","width":1024,"height":1024,"caption":"\u0633\u062e\u0627\u0646 \u0645\u064a\u0627\u0647 \u062a\u0648\u0631\u0646\u064a\u062f\u0648 \u0643\u0647\u0631\u0628\u0627\u0621 30 \u0644\u062a\u0631 \u062f\u064a\u062c\u064a\u062a\u0627\u0644 \u0623\u0628\u064a\u0636 \u0645\u0639 \u0636\u0645... main"},{"@type":"BreadcrumbList","@id":"https:\/\/alhaythamgroup.com\/en\/product\/tornado-electric-water-heater-30l-digital-silver\/#breadcrumb","itemListElement":[{"@type":"ListItem","position":1,"name":"Home","item":"https:\/\/alhaythamgroup.com\/en\/"},{"@type":"ListItem","position":2,"name":"\u0627\u0644\u0645\u0646\u062a\u062c\u0627\u062a","item":"https:\/\/alhaythamgroup.com\/en\/shop\/"},{"@type":"ListItem","position":3,"name":"Tornado Electric Water Heater 30L &#8211; Digital Silver with 5-Year Warranty"}]},{"@type":"WebSite","@id":"https:\/\/orangered-peafowl-413256.hostingersite.com\/en\/#website","url":"https:\/\/orangered-peafowl-413256.hostingersite.com\/en\/","name":"alhaythamgroup.com","description":"","publisher":{"@id":"https:\/\/orangered-peafowl-413256.hostingersite.com\/en\/#organization"},"potentialAction":[{"@type":"SearchAction","target":{"@type":"EntryPoint","urlTemplate":"https:\/\/orangered-peafowl-413256.hostingersite.com\/en\/?s={search_term_string}"},"query-input":{"@type":"PropertyValueSpecification","valueRequired":true,"valueName":"search_term_string"}}],"inLanguage":"en-US"},{"@type":"Organization","@id":"https:\/\/orangered-peafowl-413256.hostingersite.com\/en\/#organization","name":"alhaythamgroup.com","url":"https:\/\/orangered-peafowl-413256.hostingersite.com\/en\/","logo":{"@type":"ImageObject","inLanguage":"en-US","@id":"https:\/\/orangered-peafowl-413256.hostingersite.com\/en\/#\/schema\/logo\/image\/","url":"https:\/\/alhaythamgroup.com\/wp-content\/uploads\/2024\/10\/Al-Haytham-Logo-1.png","contentUrl":"https:\/\/alhaythamgroup.com\/wp-content\/uploads\/2024\/10\/Al-Haytham-Logo-1.png","width":277,"height":100,"caption":"alhaythamgroup.com"},"image":{"@id":"https:\/\/orangered-peafowl-413256.hostingersite.com\/en\/#\/schema\/logo\/image\/"}}]}},"_links":{"self":[{"href":"https:\/\/alhaythamgroup.com\/en\/wp-json\/wp\/v2\/product\/31191","targetHints":{"allow":["GET"]}}],"collection":[{"href":"https:\/\/alhaythamgroup.com\/en\/wp-json\/wp\/v2\/product"}],"about":[{"href":"https:\/\/alhaythamgroup.com\/en\/wp-json\/wp\/v2\/types\/product"}],"wp:featuredmedia":[{"embeddable":true,"href":"https:\/\/alhaythamgroup.com\/en\/wp-json\/wp\/v2\/media\/31193"}],"wp:attachment":[{"href":"https:\/\/alhaythamgroup.com\/en\/wp-json\/wp\/v2\/media?parent=31191"}],"wp:term":[{"taxonomy":"product_brand","embeddable":true,"href":"https:\/\/alhaythamgroup.com\/en\/wp-json\/wp\/v2\/product_brand?post=31191"},{"taxonomy":"product_cat","embeddable":true,"href":"https:\/\/alhaythamgroup.com\/en\/wp-json\/wp\/v2\/product_cat?post=31191"},{"taxonomy":"product_tag","embeddable":true,"href":"https:\/\/alhaythamgroup.com\/en\/wp-json\/wp\/v2\/product_tag?post=31191"}],"curies":[{"name":"wp","href":"https:\/\/api.w.org\/{rel}","templated":true}]}}