{"id":31194,"date":"2025-09-18T00:23:42","date_gmt":"2025-09-18T00:23:42","guid":{"rendered":"https:\/\/alhaythamgroup.com\/product\/%d8%b3%d8%ae%d8%a7%d9%86-%d9%83%d9%87%d8%b1%d8%a8%d8%a7%d8%a1-%d9%81%d9%88%d8%b1%d9%8a-%d8%ac%d8%af%d9%8a%d8%af-%d9%81%d9%8a%d8%aa%d9%88\/"},"modified":"2026-01-19T21:16:45","modified_gmt":"2026-01-19T21:16:45","slug":"vito-7-5kw-instant-electric-water-heater-white","status":"publish","type":"product","link":"https:\/\/alhaythamgroup.com\/en\/product\/vito-7-5kw-instant-electric-water-heater-white\/","title":{"rendered":"Vito 7.5 kW Instant Electric Water Heater &#8211; White, High Performance &amp; Compact Design"},"content":{"rendered":"<span class=\"span-reading-time rt-reading-time\" style=\"display: block;\"><span class=\"rt-label rt-prefix\">Reading Time: <\/span> <span class=\"rt-time\"> &lt; 1<\/span> <span class=\"rt-label rt-postfix\">minute<\/span><\/span><h2>Instant Electric Water Heater Vito &#8211; FLOW 7.5<\/h2>\n<p>If you are looking for an instant electric water heater that combines efficiency and modern design, the Instant Electric Water Heater Vito, 7.5 kW, white, is the perfect choice for you. This heater features a high electrical power of 7.5 kW, ensuring you obtain hot water quickly and easily.<\/p>\n<h3>Technical Specifications<\/h3>\n<ul>\n<li>Brand name: Vito<\/li>\n<li>Color: White<\/li>\n<li>Electrical power: 7.5 kW<\/li>\n<li>Maximum operating pressure: 0.5 bars<\/li>\n<li>Dimensions (Height \u00d7 Width \u00d7 Depth): 37 \u00d7 23.5 \u00d7 9.4 cm<\/li>\n<li>Energy efficiency rating: A<\/li>\n<li>Overheat protection<\/li>\n<li>3 heat levels<\/li>\n<li>Compact and integrated design<\/li>\n<li>Easy to use<\/li>\n<li>Country of origin: Turkey<\/li>\n<\/ul>\n<h3>Why choose the Vito Instant Electric Water Heater?<\/h3>\n<p>The Vito Instant Electric Water Heater features its small, integrated design, making it suitable for use in small spaces. It is also easy to use and easy to control. Thanks to the 3 heat levels, you can adjust the water temperature to your needs. Additionally, the energy efficiency rating A means you will get excellent performance without excessive energy consumption.<\/p>\n<h3>User Experience<\/h3>\n<p>The user experience of the Vito Instant Electric Water Heater is one of the great experiences, where you can enjoy hot water at any time. Thanks to the heater&#8217;s overheating protection, you can be assured of your safety while using it. If you are looking for high quality and reliable performance, the Vito Instant Electric Water Heater is the ideal choice.<\/p>\n<h3>Get the Vito Instant Electric Water Heater now!<\/h3>\n<p>Don&#8217;t miss the opportunity, get the Vito Instant Electric Water Heater from <a href=\"https:\/\/alhaythamgroup.com\/en\/\">Al Haytham Group<\/a> and enjoy fast and efficient hot water. Invest in your home&#8217;s comfort today!<\/p>\n","protected":false},"excerpt":{"rendered":"<p><span class=\"span-reading-time rt-reading-time\" style=\"display: block;\"><span class=\"rt-label rt-prefix\">Reading Time: <\/span> <span class=\"rt-time\"> &lt; 1<\/span> <span class=\"rt-label rt-postfix\">minute<\/span><\/span>Get the Vito 7.5 kW instant electric water heater with a compact design and high efficiency. Enjoy fast, reliable hot water at home. Great for apartments.<\/p>\n","protected":false},"featured_media":31196,"template":"","meta":[],"product_brand":[],"product_cat":[],"product_tag":[719,803],"class_list":{"0":"post-31194","1":"product","2":"type-product","3":"status-publish","4":"has-post-thumbnail","6":"product_tag-the-lowest-price","7":"product_tag-the-lowest-price-12-04-2026","10":"first","11":"instock","12":"sale","13":"shipping-taxable","14":"purchasable","15":"product-type-simple"},"yoast_head":"<!-- This site is optimized with the Yoast SEO Premium plugin v25.7.1 (Yoast SEO v25.7) - https:\/\/yoast.com\/wordpress\/plugins\/seo\/ -->\n<title>Vito 7.5 kW Instant Water Heater - High Efficiency<\/title>\n<meta name=\"description\" content=\"Get the Vito 7.5 kW instant electric water heater with a compact design and high efficiency. Enjoy fast, reliable hot water at home. Great for apartments.\" \/>\n<meta name=\"robots\" content=\"index, follow, max-snippet:-1, max-image-preview:large, max-video-preview:-1\" \/>\n<link rel=\"canonical\" href=\"https:\/\/alhaythamgroup.com\/en\/product\/vito-7-5kw-instant-electric-water-heater-white\/\" \/>\n<meta property=\"og:locale\" content=\"en_US\" \/>\n<meta property=\"og:type\" content=\"article\" \/>\n<meta property=\"og:title\" content=\"Vito 7.5 kW Instant Electric Water Heater - White, High Performance &amp; Compact Design\" \/>\n<meta property=\"og:description\" content=\"Get the Vito 7.5 kW instant electric water heater with a compact design and high efficiency. Enjoy fast, reliable hot water at home. Great for apartments.\" \/>\n<meta property=\"og:url\" content=\"https:\/\/alhaythamgroup.com\/en\/product\/vito-7-5kw-instant-electric-water-heater-white\/\" \/>\n<meta property=\"og:site_name\" content=\"alhaythamgroup.com\" \/>\n<meta property=\"article:modified_time\" content=\"2026-01-19T21:16:45+00:00\" \/>\n<meta property=\"og:image\" content=\"https:\/\/alhaythamgroup.com\/wp-content\/uploads\/2025\/09\/\u0633\u062e\u0627\u0646-\u0643\u0647\u0631\u0628\u0627\u0621-\u0641\u0648\u0631\u0649-\u0641\u064a\u062a\u0648-7.5-\u0643\u064a\u0644\u0648-\u0648\u0627\u062a-\u0623\u0628\u064a\u0636-\u0623\u062f\u0627\u0621-\u0639\u0627\u0644.-main.jpg\" \/>\n\t<meta property=\"og:image:width\" content=\"1024\" \/>\n\t<meta property=\"og:image:height\" content=\"1024\" \/>\n\t<meta property=\"og:image:type\" content=\"image\/jpeg\" \/>\n<meta name=\"twitter:card\" content=\"summary_large_image\" \/>\n<meta name=\"twitter:label1\" content=\"Est. reading time\" \/>\n\t<meta name=\"twitter:data1\" content=\"1 minute\" \/>\n<script type=\"application\/ld+json\" class=\"yoast-schema-graph\">{\"@context\":\"https:\/\/schema.org\",\"@graph\":[{\"@type\":\"WebPage\",\"@id\":\"https:\/\/alhaythamgroup.com\/en\/product\/vito-7-5kw-instant-electric-water-heater-white\/\",\"url\":\"https:\/\/alhaythamgroup.com\/en\/product\/vito-7-5kw-instant-electric-water-heater-white\/\",\"name\":\"Vito 7.5 kW Instant Water Heater - High Efficiency\",\"isPartOf\":{\"@id\":\"https:\/\/orangered-peafowl-413256.hostingersite.com\/en\/#website\"},\"primaryImageOfPage\":{\"@id\":\"https:\/\/alhaythamgroup.com\/en\/product\/vito-7-5kw-instant-electric-water-heater-white\/#primaryimage\"},\"image\":{\"@id\":\"https:\/\/alhaythamgroup.com\/en\/product\/vito-7-5kw-instant-electric-water-heater-white\/#primaryimage\"},\"thumbnailUrl\":\"https:\/\/alhaythamgroup.com\/wp-content\/uploads\/2025\/09\/\u0633\u062e\u0627\u0646-\u0643\u0647\u0631\u0628\u0627\u0621-\u0641\u0648\u0631\u0649-\u0641\u064a\u062a\u0648-7.5-\u0643\u064a\u0644\u0648-\u0648\u0627\u062a-\u0623\u0628\u064a\u0636-\u0623\u062f\u0627\u0621-\u0639\u0627\u0644.-main.jpg\",\"datePublished\":\"2025-09-18T00:23:42+00:00\",\"dateModified\":\"2026-01-19T21:16:45+00:00\",\"description\":\"Get the Vito 7.5 kW instant electric water heater with a compact design and high efficiency. Enjoy fast, reliable hot water at home. Great for apartments.\",\"breadcrumb\":{\"@id\":\"https:\/\/alhaythamgroup.com\/en\/product\/vito-7-5kw-instant-electric-water-heater-white\/#breadcrumb\"},\"inLanguage\":\"en-US\",\"potentialAction\":[{\"@type\":\"ReadAction\",\"target\":[\"https:\/\/alhaythamgroup.com\/en\/product\/vito-7-5kw-instant-electric-water-heater-white\/\"]}]},{\"@type\":\"ImageObject\",\"inLanguage\":\"en-US\",\"@id\":\"https:\/\/alhaythamgroup.com\/en\/product\/vito-7-5kw-instant-electric-water-heater-white\/#primaryimage\",\"url\":\"https:\/\/alhaythamgroup.com\/wp-content\/uploads\/2025\/09\/\u0633\u062e\u0627\u0646-\u0643\u0647\u0631\u0628\u0627\u0621-\u0641\u0648\u0631\u0649-\u0641\u064a\u062a\u0648-7.5-\u0643\u064a\u0644\u0648-\u0648\u0627\u062a-\u0623\u0628\u064a\u0636-\u0623\u062f\u0627\u0621-\u0639\u0627\u0644.-main.jpg\",\"contentUrl\":\"https:\/\/alhaythamgroup.com\/wp-content\/uploads\/2025\/09\/\u0633\u062e\u0627\u0646-\u0643\u0647\u0631\u0628\u0627\u0621-\u0641\u0648\u0631\u0649-\u0641\u064a\u062a\u0648-7.5-\u0643\u064a\u0644\u0648-\u0648\u0627\u062a-\u0623\u0628\u064a\u0636-\u0623\u062f\u0627\u0621-\u0639\u0627\u0644.-main.jpg\",\"width\":1024,\"height\":1024,\"caption\":\"\u0633\u062e\u0627\u0646 \u0643\u0647\u0631\u0628\u0627\u0621 \u0641\u0648\u0631\u0649 \u0641\u064a\u062a\u0648 7.5 \u0643\u064a\u0644\u0648 \u0648\u0627\u062a \u0623\u0628\u064a\u0636 - \u0623\u062f\u0627\u0621 \u0639\u0627\u0644... main\"},{\"@type\":\"BreadcrumbList\",\"@id\":\"https:\/\/alhaythamgroup.com\/en\/product\/vito-7-5kw-instant-electric-water-heater-white\/#breadcrumb\",\"itemListElement\":[{\"@type\":\"ListItem\",\"position\":1,\"name\":\"Home\",\"item\":\"https:\/\/alhaythamgroup.com\/en\/\"},{\"@type\":\"ListItem\",\"position\":2,\"name\":\"\u0627\u0644\u0645\u0646\u062a\u062c\u0627\u062a\",\"item\":\"https:\/\/alhaythamgroup.com\/en\/shop\/\"},{\"@type\":\"ListItem\",\"position\":3,\"name\":\"Vito 7.5 kW Instant Electric Water Heater &#8211; White, High Performance &amp; Compact Design\"}]},{\"@type\":\"WebSite\",\"@id\":\"https:\/\/orangered-peafowl-413256.hostingersite.com\/en\/#website\",\"url\":\"https:\/\/orangered-peafowl-413256.hostingersite.com\/en\/\",\"name\":\"alhaythamgroup.com\",\"description\":\"\",\"publisher\":{\"@id\":\"https:\/\/orangered-peafowl-413256.hostingersite.com\/en\/#organization\"},\"potentialAction\":[{\"@type\":\"SearchAction\",\"target\":{\"@type\":\"EntryPoint\",\"urlTemplate\":\"https:\/\/orangered-peafowl-413256.hostingersite.com\/en\/?s={search_term_string}\"},\"query-input\":{\"@type\":\"PropertyValueSpecification\",\"valueRequired\":true,\"valueName\":\"search_term_string\"}}],\"inLanguage\":\"en-US\"},{\"@type\":\"Organization\",\"@id\":\"https:\/\/orangered-peafowl-413256.hostingersite.com\/en\/#organization\",\"name\":\"alhaythamgroup.com\",\"url\":\"https:\/\/orangered-peafowl-413256.hostingersite.com\/en\/\",\"logo\":{\"@type\":\"ImageObject\",\"inLanguage\":\"en-US\",\"@id\":\"https:\/\/orangered-peafowl-413256.hostingersite.com\/en\/#\/schema\/logo\/image\/\",\"url\":\"https:\/\/alhaythamgroup.com\/wp-content\/uploads\/2024\/10\/Al-Haytham-Logo-1.png\",\"contentUrl\":\"https:\/\/alhaythamgroup.com\/wp-content\/uploads\/2024\/10\/Al-Haytham-Logo-1.png\",\"width\":277,\"height\":100,\"caption\":\"alhaythamgroup.com\"},\"image\":{\"@id\":\"https:\/\/orangered-peafowl-413256.hostingersite.com\/en\/#\/schema\/logo\/image\/\"}}]}<\/script>\n<!-- \/ Yoast SEO Premium plugin. -->","yoast_head_json":{"title":"Vito 7.5 kW Instant Water Heater - High Efficiency","description":"Get the Vito 7.5 kW instant electric water heater with a compact design and high efficiency. Enjoy fast, reliable hot water at home. Great for apartments.","robots":{"index":"index","follow":"follow","max-snippet":"max-snippet:-1","max-image-preview":"max-image-preview:large","max-video-preview":"max-video-preview:-1"},"canonical":"https:\/\/alhaythamgroup.com\/en\/product\/vito-7-5kw-instant-electric-water-heater-white\/","og_locale":"en_US","og_type":"article","og_title":"Vito 7.5 kW Instant Electric Water Heater - White, High Performance &amp; Compact Design","og_description":"Get the Vito 7.5 kW instant electric water heater with a compact design and high efficiency. Enjoy fast, reliable hot water at home. Great for apartments.","og_url":"https:\/\/alhaythamgroup.com\/en\/product\/vito-7-5kw-instant-electric-water-heater-white\/","og_site_name":"alhaythamgroup.com","article_modified_time":"2026-01-19T21:16:45+00:00","og_image":[{"width":1024,"height":1024,"url":"https:\/\/alhaythamgroup.com\/wp-content\/uploads\/2025\/09\/\u0633\u062e\u0627\u0646-\u0643\u0647\u0631\u0628\u0627\u0621-\u0641\u0648\u0631\u0649-\u0641\u064a\u062a\u0648-7.5-\u0643\u064a\u0644\u0648-\u0648\u0627\u062a-\u0623\u0628\u064a\u0636-\u0623\u062f\u0627\u0621-\u0639\u0627\u0644.-main.jpg","type":"image\/jpeg"}],"twitter_card":"summary_large_image","twitter_misc":{"Est. reading time":"1 minute"},"schema":{"@context":"https:\/\/schema.org","@graph":[{"@type":"WebPage","@id":"https:\/\/alhaythamgroup.com\/en\/product\/vito-7-5kw-instant-electric-water-heater-white\/","url":"https:\/\/alhaythamgroup.com\/en\/product\/vito-7-5kw-instant-electric-water-heater-white\/","name":"Vito 7.5 kW Instant Water Heater - High Efficiency","isPartOf":{"@id":"https:\/\/orangered-peafowl-413256.hostingersite.com\/en\/#website"},"primaryImageOfPage":{"@id":"https:\/\/alhaythamgroup.com\/en\/product\/vito-7-5kw-instant-electric-water-heater-white\/#primaryimage"},"image":{"@id":"https:\/\/alhaythamgroup.com\/en\/product\/vito-7-5kw-instant-electric-water-heater-white\/#primaryimage"},"thumbnailUrl":"https:\/\/alhaythamgroup.com\/wp-content\/uploads\/2025\/09\/\u0633\u062e\u0627\u0646-\u0643\u0647\u0631\u0628\u0627\u0621-\u0641\u0648\u0631\u0649-\u0641\u064a\u062a\u0648-7.5-\u0643\u064a\u0644\u0648-\u0648\u0627\u062a-\u0623\u0628\u064a\u0636-\u0623\u062f\u0627\u0621-\u0639\u0627\u0644.-main.jpg","datePublished":"2025-09-18T00:23:42+00:00","dateModified":"2026-01-19T21:16:45+00:00","description":"Get the Vito 7.5 kW instant electric water heater with a compact design and high efficiency. Enjoy fast, reliable hot water at home. Great for apartments.","breadcrumb":{"@id":"https:\/\/alhaythamgroup.com\/en\/product\/vito-7-5kw-instant-electric-water-heater-white\/#breadcrumb"},"inLanguage":"en-US","potentialAction":[{"@type":"ReadAction","target":["https:\/\/alhaythamgroup.com\/en\/product\/vito-7-5kw-instant-electric-water-heater-white\/"]}]},{"@type":"ImageObject","inLanguage":"en-US","@id":"https:\/\/alhaythamgroup.com\/en\/product\/vito-7-5kw-instant-electric-water-heater-white\/#primaryimage","url":"https:\/\/alhaythamgroup.com\/wp-content\/uploads\/2025\/09\/\u0633\u062e\u0627\u0646-\u0643\u0647\u0631\u0628\u0627\u0621-\u0641\u0648\u0631\u0649-\u0641\u064a\u062a\u0648-7.5-\u0643\u064a\u0644\u0648-\u0648\u0627\u062a-\u0623\u0628\u064a\u0636-\u0623\u062f\u0627\u0621-\u0639\u0627\u0644.-main.jpg","contentUrl":"https:\/\/alhaythamgroup.com\/wp-content\/uploads\/2025\/09\/\u0633\u062e\u0627\u0646-\u0643\u0647\u0631\u0628\u0627\u0621-\u0641\u0648\u0631\u0649-\u0641\u064a\u062a\u0648-7.5-\u0643\u064a\u0644\u0648-\u0648\u0627\u062a-\u0623\u0628\u064a\u0636-\u0623\u062f\u0627\u0621-\u0639\u0627\u0644.-main.jpg","width":1024,"height":1024,"caption":"\u0633\u062e\u0627\u0646 \u0643\u0647\u0631\u0628\u0627\u0621 \u0641\u0648\u0631\u0649 \u0641\u064a\u062a\u0648 7.5 \u0643\u064a\u0644\u0648 \u0648\u0627\u062a \u0623\u0628\u064a\u0636 - \u0623\u062f\u0627\u0621 \u0639\u0627\u0644... main"},{"@type":"BreadcrumbList","@id":"https:\/\/alhaythamgroup.com\/en\/product\/vito-7-5kw-instant-electric-water-heater-white\/#breadcrumb","itemListElement":[{"@type":"ListItem","position":1,"name":"Home","item":"https:\/\/alhaythamgroup.com\/en\/"},{"@type":"ListItem","position":2,"name":"\u0627\u0644\u0645\u0646\u062a\u062c\u0627\u062a","item":"https:\/\/alhaythamgroup.com\/en\/shop\/"},{"@type":"ListItem","position":3,"name":"Vito 7.5 kW Instant Electric Water Heater &#8211; White, High Performance &amp; Compact Design"}]},{"@type":"WebSite","@id":"https:\/\/orangered-peafowl-413256.hostingersite.com\/en\/#website","url":"https:\/\/orangered-peafowl-413256.hostingersite.com\/en\/","name":"alhaythamgroup.com","description":"","publisher":{"@id":"https:\/\/orangered-peafowl-413256.hostingersite.com\/en\/#organization"},"potentialAction":[{"@type":"SearchAction","target":{"@type":"EntryPoint","urlTemplate":"https:\/\/orangered-peafowl-413256.hostingersite.com\/en\/?s={search_term_string}"},"query-input":{"@type":"PropertyValueSpecification","valueRequired":true,"valueName":"search_term_string"}}],"inLanguage":"en-US"},{"@type":"Organization","@id":"https:\/\/orangered-peafowl-413256.hostingersite.com\/en\/#organization","name":"alhaythamgroup.com","url":"https:\/\/orangered-peafowl-413256.hostingersite.com\/en\/","logo":{"@type":"ImageObject","inLanguage":"en-US","@id":"https:\/\/orangered-peafowl-413256.hostingersite.com\/en\/#\/schema\/logo\/image\/","url":"https:\/\/alhaythamgroup.com\/wp-content\/uploads\/2024\/10\/Al-Haytham-Logo-1.png","contentUrl":"https:\/\/alhaythamgroup.com\/wp-content\/uploads\/2024\/10\/Al-Haytham-Logo-1.png","width":277,"height":100,"caption":"alhaythamgroup.com"},"image":{"@id":"https:\/\/orangered-peafowl-413256.hostingersite.com\/en\/#\/schema\/logo\/image\/"}}]}},"_links":{"self":[{"href":"https:\/\/alhaythamgroup.com\/en\/wp-json\/wp\/v2\/product\/31194","targetHints":{"allow":["GET"]}}],"collection":[{"href":"https:\/\/alhaythamgroup.com\/en\/wp-json\/wp\/v2\/product"}],"about":[{"href":"https:\/\/alhaythamgroup.com\/en\/wp-json\/wp\/v2\/types\/product"}],"wp:featuredmedia":[{"embeddable":true,"href":"https:\/\/alhaythamgroup.com\/en\/wp-json\/wp\/v2\/media\/31196"}],"wp:attachment":[{"href":"https:\/\/alhaythamgroup.com\/en\/wp-json\/wp\/v2\/media?parent=31194"}],"wp:term":[{"taxonomy":"product_brand","embeddable":true,"href":"https:\/\/alhaythamgroup.com\/en\/wp-json\/wp\/v2\/product_brand?post=31194"},{"taxonomy":"product_cat","embeddable":true,"href":"https:\/\/alhaythamgroup.com\/en\/wp-json\/wp\/v2\/product_cat?post=31194"},{"taxonomy":"product_tag","embeddable":true,"href":"https:\/\/alhaythamgroup.com\/en\/wp-json\/wp\/v2\/product_tag?post=31194"}],"curies":[{"name":"wp","href":"https:\/\/api.w.org\/{rel}","templated":true}]}}