{"id":31391,"date":"2025-09-18T00:23:57","date_gmt":"2025-09-18T00:23:57","guid":{"rendered":"https:\/\/alhaythamgroup.com\/product\/%d8%af%d9%8a%d8%ac%d9%8a%d8%aa%d8%a7%d9%84-5-%d8%af%d8%b1%d8%ac-%d8%af%d9%8a%d8%a8-%d9%81%d8%b1%d9%8a%d8%b2%d8%b1\/"},"modified":"2026-01-20T16:58:58","modified_gmt":"2026-01-20T16:58:58","slug":"krazy-upright-digital-deep-freezer-5-drawer-230l","status":"publish","type":"product","link":"https:\/\/alhaythamgroup.com\/en\/product\/krazy-upright-digital-deep-freezer-5-drawer-230l\/","title":{"rendered":"Krazy Upright Digital Deep Freezer, 5-Drawer, 230L Capacity \u2013 Practical Design &amp; High Efficiency"},"content":{"rendered":"<span class=\"span-reading-time rt-reading-time\" style=\"display: block;\"><span class=\"rt-label rt-prefix\">Reading Time: <\/span> <span class=\"rt-time\"> &lt; 1<\/span> <span class=\"rt-label rt-postfix\">minute<\/span><\/span><h2>Kraizi Deep Freezer, Vertical Digital 5-Drawer<\/h2>\n<p>Introducing you to <strong>Al-Haytham Group<\/strong>&#8216;s latest model of the deep freezer, which is &#8220;Kraizi Deep Freezer Vertical Digital 5-Drawer&#8221; with a capacity of 230 liters, featuring its sleek vertical design and advanced features that meet all your storage needs.<\/p>\n<h3>Features of the Kraizi Deep Freezer<\/h3>\n<ul> t<\/p>\n<li>The unit has 5 vertical drawers to store foods in an organized way.<\/li>\n<p> t<\/p>\n<li>A digital digital control allows precise temperature settings.<\/li>\n<p> t<\/p>\n<li>Super-fast freezing technology to ensure foods freeze quickly and efficiently.<\/li>\n<p> t<\/p>\n<li>Child Lock feature to protect against tampering, making it safe for family use.<\/li>\n<p> t<\/p>\n<li>The freezer body is made of chemically treated steel resistant to rust.<\/li>\n<p> t<\/p>\n<li>Audible alarm when the door is left open for more than a minute.<\/li>\n<p> t<\/p>\n<li>The fan automatically stops when the door is opened to maintain cooling.<\/li>\n<p> t<\/p>\n<li>An additional drawer for making ice cubes, adding extra value for daily use.<\/li>\n<\/ul>\n<h3>Capacity and Dimensions Details<\/h3>\n<p>The deep freezer comes with dimensions (Height\u00d7Width\u00d7Depth) 1440 \u00d7 620 \u00d7 670 mm, making it ideal for small spaces. A capacity of 230 liters allows you to store a large amount of frozen foods with ease.<\/p>\n<h3>Energy Efficiency<\/h3>\n<p>It features high efficiency and low electricity consumption for its category. High-quality insulation with a thickness ranging from 8 to 10 cm, which saves energy.<\/p>\n<h3>User Experience<\/h3>\n<p>With heat-treated clear glass shelves, you can easily see the contents of the deep freezer. It also includes a contents guide for each drawer indicating its contents of foods and the recommended storage duration for each frozen item.Whether you are looking to freeze foods or store ice cubes, the &#8216;Kraizi Deep Freezer Vertical Digital 5-Drawer&#8217; is the perfect choice. Get it now from <strong><a href=\"https:\/\/alhaythamgroup.com\/en\/\">Al-Haytham Group<\/a><\/strong> and enjoy a convenient and efficient storage experience.<\/p>\n","protected":false},"excerpt":{"rendered":"<p><span class=\"span-reading-time rt-reading-time\" style=\"display: block;\"><span class=\"rt-label rt-prefix\">Reading Time: <\/span> <span class=\"rt-time\"> &lt; 1<\/span> <span class=\"rt-label rt-postfix\">minute<\/span><\/span>Discover Krazy Upright Digital Deep Freezer, 5-drawer, 230L capacity with high energy efficiency. Get it now from Haytham Group!<\/p>\n","protected":false},"featured_media":31393,"template":"","meta":[],"product_brand":[],"product_cat":[316],"product_tag":[719,801],"class_list":{"0":"post-31391","1":"product","2":"type-product","3":"status-publish","4":"has-post-thumbnail","6":"product_cat-refrigerators-deep-freezer","7":"product_tag-the-lowest-price","8":"product_tag-the-lowest-price-10-04-2026","11":"first","12":"instock","13":"sale","14":"shipping-taxable","15":"purchasable","16":"product-type-simple"},"yoast_head":"<!-- This site is optimized with the Yoast SEO Premium plugin v25.7.1 (Yoast SEO v25.7) - https:\/\/yoast.com\/wordpress\/plugins\/seo\/ -->\n<title>Krazy Upright Digital Deep Freezer, 230L<\/title>\n<meta name=\"description\" content=\"Discover Krazy Upright Digital Deep Freezer, 5-drawer, 230L capacity with high energy efficiency. Get it now from Haytham Group!\" \/>\n<meta name=\"robots\" content=\"index, follow, max-snippet:-1, max-image-preview:large, max-video-preview:-1\" \/>\n<link rel=\"canonical\" href=\"https:\/\/alhaythamgroup.com\/en\/product\/krazy-upright-digital-deep-freezer-5-drawer-230l\/\" \/>\n<meta property=\"og:locale\" content=\"en_US\" \/>\n<meta property=\"og:type\" content=\"article\" \/>\n<meta property=\"og:title\" content=\"Krazy Upright Digital Deep Freezer, 5-Drawer, 230L Capacity \u2013 Practical Design &amp; High Efficiency\" \/>\n<meta property=\"og:description\" content=\"Discover Krazy Upright Digital Deep Freezer, 5-drawer, 230L capacity with high energy efficiency. Get it now from Haytham Group!\" \/>\n<meta property=\"og:url\" content=\"https:\/\/alhaythamgroup.com\/en\/product\/krazy-upright-digital-deep-freezer-5-drawer-230l\/\" \/>\n<meta property=\"og:site_name\" content=\"alhaythamgroup.com\" \/>\n<meta property=\"article:modified_time\" content=\"2026-01-20T16:58:58+00:00\" \/>\n<meta property=\"og:image\" content=\"https:\/\/alhaythamgroup.com\/wp-content\/uploads\/2025\/09\/\u062f\u064a\u0628-\u0641\u0631\u064a\u0632\u0631-\u0643\u0631\u064a\u0627\u0632\u064a-\u0631\u0627\u0633\u064a-\u062f\u064a\u062c\u064a\u062a\u0627\u0644-5-\u062f\u0631\u062c-\u0628\u0633\u0639\u0629-230-\u0644\u062a\u0631-.-main.jpg\" \/>\n\t<meta property=\"og:image:width\" content=\"1024\" \/>\n\t<meta property=\"og:image:height\" content=\"1024\" \/>\n\t<meta property=\"og:image:type\" content=\"image\/jpeg\" \/>\n<meta name=\"twitter:card\" content=\"summary_large_image\" \/>\n<meta name=\"twitter:label1\" content=\"Est. reading time\" \/>\n\t<meta name=\"twitter:data1\" content=\"2 minutes\" \/>\n<script type=\"application\/ld+json\" class=\"yoast-schema-graph\">{\"@context\":\"https:\/\/schema.org\",\"@graph\":[{\"@type\":\"WebPage\",\"@id\":\"https:\/\/alhaythamgroup.com\/en\/product\/krazy-upright-digital-deep-freezer-5-drawer-230l\/\",\"url\":\"https:\/\/alhaythamgroup.com\/en\/product\/krazy-upright-digital-deep-freezer-5-drawer-230l\/\",\"name\":\"Krazy Upright Digital Deep Freezer, 230L\",\"isPartOf\":{\"@id\":\"https:\/\/orangered-peafowl-413256.hostingersite.com\/en\/#website\"},\"primaryImageOfPage\":{\"@id\":\"https:\/\/alhaythamgroup.com\/en\/product\/krazy-upright-digital-deep-freezer-5-drawer-230l\/#primaryimage\"},\"image\":{\"@id\":\"https:\/\/alhaythamgroup.com\/en\/product\/krazy-upright-digital-deep-freezer-5-drawer-230l\/#primaryimage\"},\"thumbnailUrl\":\"https:\/\/alhaythamgroup.com\/wp-content\/uploads\/2025\/09\/\u062f\u064a\u0628-\u0641\u0631\u064a\u0632\u0631-\u0643\u0631\u064a\u0627\u0632\u064a-\u0631\u0627\u0633\u064a-\u062f\u064a\u062c\u064a\u062a\u0627\u0644-5-\u062f\u0631\u062c-\u0628\u0633\u0639\u0629-230-\u0644\u062a\u0631-.-main.jpg\",\"datePublished\":\"2025-09-18T00:23:57+00:00\",\"dateModified\":\"2026-01-20T16:58:58+00:00\",\"description\":\"Discover Krazy Upright Digital Deep Freezer, 5-drawer, 230L capacity with high energy efficiency. Get it now from Haytham Group!\",\"breadcrumb\":{\"@id\":\"https:\/\/alhaythamgroup.com\/en\/product\/krazy-upright-digital-deep-freezer-5-drawer-230l\/#breadcrumb\"},\"inLanguage\":\"en-US\",\"potentialAction\":[{\"@type\":\"ReadAction\",\"target\":[\"https:\/\/alhaythamgroup.com\/en\/product\/krazy-upright-digital-deep-freezer-5-drawer-230l\/\"]}]},{\"@type\":\"ImageObject\",\"inLanguage\":\"en-US\",\"@id\":\"https:\/\/alhaythamgroup.com\/en\/product\/krazy-upright-digital-deep-freezer-5-drawer-230l\/#primaryimage\",\"url\":\"https:\/\/alhaythamgroup.com\/wp-content\/uploads\/2025\/09\/\u062f\u064a\u0628-\u0641\u0631\u064a\u0632\u0631-\u0643\u0631\u064a\u0627\u0632\u064a-\u0631\u0627\u0633\u064a-\u062f\u064a\u062c\u064a\u062a\u0627\u0644-5-\u062f\u0631\u062c-\u0628\u0633\u0639\u0629-230-\u0644\u062a\u0631-.-main.jpg\",\"contentUrl\":\"https:\/\/alhaythamgroup.com\/wp-content\/uploads\/2025\/09\/\u062f\u064a\u0628-\u0641\u0631\u064a\u0632\u0631-\u0643\u0631\u064a\u0627\u0632\u064a-\u0631\u0627\u0633\u064a-\u062f\u064a\u062c\u064a\u062a\u0627\u0644-5-\u062f\u0631\u062c-\u0628\u0633\u0639\u0629-230-\u0644\u062a\u0631-.-main.jpg\",\"width\":1024,\"height\":1024,\"caption\":\"\u062f\u064a\u0628 \u0641\u0631\u064a\u0632\u0631 \u0643\u0631\u064a\u0627\u0632\u064a \u0631\u0627\u0633\u064a \u062f\u064a\u062c\u064a\u062a\u0627\u0644 5 \u062f\u0631\u062c \u0628\u0633\u0639\u0629 230 \u0644\u062a\u0631 -... main\"},{\"@type\":\"BreadcrumbList\",\"@id\":\"https:\/\/alhaythamgroup.com\/en\/product\/krazy-upright-digital-deep-freezer-5-drawer-230l\/#breadcrumb\",\"itemListElement\":[{\"@type\":\"ListItem\",\"position\":1,\"name\":\"Home\",\"item\":\"https:\/\/alhaythamgroup.com\/en\/\"},{\"@type\":\"ListItem\",\"position\":2,\"name\":\"\u0627\u0644\u0645\u0646\u062a\u062c\u0627\u062a\",\"item\":\"https:\/\/alhaythamgroup.com\/en\/shop\/\"},{\"@type\":\"ListItem\",\"position\":3,\"name\":\"Krazy Upright Digital Deep Freezer, 5-Drawer, 230L Capacity \u2013 Practical Design &amp; High Efficiency\"}]},{\"@type\":\"WebSite\",\"@id\":\"https:\/\/orangered-peafowl-413256.hostingersite.com\/en\/#website\",\"url\":\"https:\/\/orangered-peafowl-413256.hostingersite.com\/en\/\",\"name\":\"alhaythamgroup.com\",\"description\":\"\",\"publisher\":{\"@id\":\"https:\/\/orangered-peafowl-413256.hostingersite.com\/en\/#organization\"},\"potentialAction\":[{\"@type\":\"SearchAction\",\"target\":{\"@type\":\"EntryPoint\",\"urlTemplate\":\"https:\/\/orangered-peafowl-413256.hostingersite.com\/en\/?s={search_term_string}\"},\"query-input\":{\"@type\":\"PropertyValueSpecification\",\"valueRequired\":true,\"valueName\":\"search_term_string\"}}],\"inLanguage\":\"en-US\"},{\"@type\":\"Organization\",\"@id\":\"https:\/\/orangered-peafowl-413256.hostingersite.com\/en\/#organization\",\"name\":\"alhaythamgroup.com\",\"url\":\"https:\/\/orangered-peafowl-413256.hostingersite.com\/en\/\",\"logo\":{\"@type\":\"ImageObject\",\"inLanguage\":\"en-US\",\"@id\":\"https:\/\/orangered-peafowl-413256.hostingersite.com\/en\/#\/schema\/logo\/image\/\",\"url\":\"https:\/\/alhaythamgroup.com\/wp-content\/uploads\/2024\/10\/Al-Haytham-Logo-1.png\",\"contentUrl\":\"https:\/\/alhaythamgroup.com\/wp-content\/uploads\/2024\/10\/Al-Haytham-Logo-1.png\",\"width\":277,\"height\":100,\"caption\":\"alhaythamgroup.com\"},\"image\":{\"@id\":\"https:\/\/orangered-peafowl-413256.hostingersite.com\/en\/#\/schema\/logo\/image\/\"}}]}<\/script>\n<!-- \/ Yoast SEO Premium plugin. -->","yoast_head_json":{"title":"Krazy Upright Digital Deep Freezer, 230L","description":"Discover Krazy Upright Digital Deep Freezer, 5-drawer, 230L capacity with high energy efficiency. Get it now from Haytham Group!","robots":{"index":"index","follow":"follow","max-snippet":"max-snippet:-1","max-image-preview":"max-image-preview:large","max-video-preview":"max-video-preview:-1"},"canonical":"https:\/\/alhaythamgroup.com\/en\/product\/krazy-upright-digital-deep-freezer-5-drawer-230l\/","og_locale":"en_US","og_type":"article","og_title":"Krazy Upright Digital Deep Freezer, 5-Drawer, 230L Capacity \u2013 Practical Design &amp; High Efficiency","og_description":"Discover Krazy Upright Digital Deep Freezer, 5-drawer, 230L capacity with high energy efficiency. Get it now from Haytham Group!","og_url":"https:\/\/alhaythamgroup.com\/en\/product\/krazy-upright-digital-deep-freezer-5-drawer-230l\/","og_site_name":"alhaythamgroup.com","article_modified_time":"2026-01-20T16:58:58+00:00","og_image":[{"width":1024,"height":1024,"url":"https:\/\/alhaythamgroup.com\/wp-content\/uploads\/2025\/09\/\u062f\u064a\u0628-\u0641\u0631\u064a\u0632\u0631-\u0643\u0631\u064a\u0627\u0632\u064a-\u0631\u0627\u0633\u064a-\u062f\u064a\u062c\u064a\u062a\u0627\u0644-5-\u062f\u0631\u062c-\u0628\u0633\u0639\u0629-230-\u0644\u062a\u0631-.-main.jpg","type":"image\/jpeg"}],"twitter_card":"summary_large_image","twitter_misc":{"Est. reading time":"2 minutes"},"schema":{"@context":"https:\/\/schema.org","@graph":[{"@type":"WebPage","@id":"https:\/\/alhaythamgroup.com\/en\/product\/krazy-upright-digital-deep-freezer-5-drawer-230l\/","url":"https:\/\/alhaythamgroup.com\/en\/product\/krazy-upright-digital-deep-freezer-5-drawer-230l\/","name":"Krazy Upright Digital Deep Freezer, 230L","isPartOf":{"@id":"https:\/\/orangered-peafowl-413256.hostingersite.com\/en\/#website"},"primaryImageOfPage":{"@id":"https:\/\/alhaythamgroup.com\/en\/product\/krazy-upright-digital-deep-freezer-5-drawer-230l\/#primaryimage"},"image":{"@id":"https:\/\/alhaythamgroup.com\/en\/product\/krazy-upright-digital-deep-freezer-5-drawer-230l\/#primaryimage"},"thumbnailUrl":"https:\/\/alhaythamgroup.com\/wp-content\/uploads\/2025\/09\/\u062f\u064a\u0628-\u0641\u0631\u064a\u0632\u0631-\u0643\u0631\u064a\u0627\u0632\u064a-\u0631\u0627\u0633\u064a-\u062f\u064a\u062c\u064a\u062a\u0627\u0644-5-\u062f\u0631\u062c-\u0628\u0633\u0639\u0629-230-\u0644\u062a\u0631-.-main.jpg","datePublished":"2025-09-18T00:23:57+00:00","dateModified":"2026-01-20T16:58:58+00:00","description":"Discover Krazy Upright Digital Deep Freezer, 5-drawer, 230L capacity with high energy efficiency. Get it now from Haytham Group!","breadcrumb":{"@id":"https:\/\/alhaythamgroup.com\/en\/product\/krazy-upright-digital-deep-freezer-5-drawer-230l\/#breadcrumb"},"inLanguage":"en-US","potentialAction":[{"@type":"ReadAction","target":["https:\/\/alhaythamgroup.com\/en\/product\/krazy-upright-digital-deep-freezer-5-drawer-230l\/"]}]},{"@type":"ImageObject","inLanguage":"en-US","@id":"https:\/\/alhaythamgroup.com\/en\/product\/krazy-upright-digital-deep-freezer-5-drawer-230l\/#primaryimage","url":"https:\/\/alhaythamgroup.com\/wp-content\/uploads\/2025\/09\/\u062f\u064a\u0628-\u0641\u0631\u064a\u0632\u0631-\u0643\u0631\u064a\u0627\u0632\u064a-\u0631\u0627\u0633\u064a-\u062f\u064a\u062c\u064a\u062a\u0627\u0644-5-\u062f\u0631\u062c-\u0628\u0633\u0639\u0629-230-\u0644\u062a\u0631-.-main.jpg","contentUrl":"https:\/\/alhaythamgroup.com\/wp-content\/uploads\/2025\/09\/\u062f\u064a\u0628-\u0641\u0631\u064a\u0632\u0631-\u0643\u0631\u064a\u0627\u0632\u064a-\u0631\u0627\u0633\u064a-\u062f\u064a\u062c\u064a\u062a\u0627\u0644-5-\u062f\u0631\u062c-\u0628\u0633\u0639\u0629-230-\u0644\u062a\u0631-.-main.jpg","width":1024,"height":1024,"caption":"\u062f\u064a\u0628 \u0641\u0631\u064a\u0632\u0631 \u0643\u0631\u064a\u0627\u0632\u064a \u0631\u0627\u0633\u064a \u062f\u064a\u062c\u064a\u062a\u0627\u0644 5 \u062f\u0631\u062c \u0628\u0633\u0639\u0629 230 \u0644\u062a\u0631 -... main"},{"@type":"BreadcrumbList","@id":"https:\/\/alhaythamgroup.com\/en\/product\/krazy-upright-digital-deep-freezer-5-drawer-230l\/#breadcrumb","itemListElement":[{"@type":"ListItem","position":1,"name":"Home","item":"https:\/\/alhaythamgroup.com\/en\/"},{"@type":"ListItem","position":2,"name":"\u0627\u0644\u0645\u0646\u062a\u062c\u0627\u062a","item":"https:\/\/alhaythamgroup.com\/en\/shop\/"},{"@type":"ListItem","position":3,"name":"Krazy Upright Digital Deep Freezer, 5-Drawer, 230L Capacity \u2013 Practical Design &amp; High Efficiency"}]},{"@type":"WebSite","@id":"https:\/\/orangered-peafowl-413256.hostingersite.com\/en\/#website","url":"https:\/\/orangered-peafowl-413256.hostingersite.com\/en\/","name":"alhaythamgroup.com","description":"","publisher":{"@id":"https:\/\/orangered-peafowl-413256.hostingersite.com\/en\/#organization"},"potentialAction":[{"@type":"SearchAction","target":{"@type":"EntryPoint","urlTemplate":"https:\/\/orangered-peafowl-413256.hostingersite.com\/en\/?s={search_term_string}"},"query-input":{"@type":"PropertyValueSpecification","valueRequired":true,"valueName":"search_term_string"}}],"inLanguage":"en-US"},{"@type":"Organization","@id":"https:\/\/orangered-peafowl-413256.hostingersite.com\/en\/#organization","name":"alhaythamgroup.com","url":"https:\/\/orangered-peafowl-413256.hostingersite.com\/en\/","logo":{"@type":"ImageObject","inLanguage":"en-US","@id":"https:\/\/orangered-peafowl-413256.hostingersite.com\/en\/#\/schema\/logo\/image\/","url":"https:\/\/alhaythamgroup.com\/wp-content\/uploads\/2024\/10\/Al-Haytham-Logo-1.png","contentUrl":"https:\/\/alhaythamgroup.com\/wp-content\/uploads\/2024\/10\/Al-Haytham-Logo-1.png","width":277,"height":100,"caption":"alhaythamgroup.com"},"image":{"@id":"https:\/\/orangered-peafowl-413256.hostingersite.com\/en\/#\/schema\/logo\/image\/"}}]}},"_links":{"self":[{"href":"https:\/\/alhaythamgroup.com\/en\/wp-json\/wp\/v2\/product\/31391","targetHints":{"allow":["GET"]}}],"collection":[{"href":"https:\/\/alhaythamgroup.com\/en\/wp-json\/wp\/v2\/product"}],"about":[{"href":"https:\/\/alhaythamgroup.com\/en\/wp-json\/wp\/v2\/types\/product"}],"wp:featuredmedia":[{"embeddable":true,"href":"https:\/\/alhaythamgroup.com\/en\/wp-json\/wp\/v2\/media\/31393"}],"wp:attachment":[{"href":"https:\/\/alhaythamgroup.com\/en\/wp-json\/wp\/v2\/media?parent=31391"}],"wp:term":[{"taxonomy":"product_brand","embeddable":true,"href":"https:\/\/alhaythamgroup.com\/en\/wp-json\/wp\/v2\/product_brand?post=31391"},{"taxonomy":"product_cat","embeddable":true,"href":"https:\/\/alhaythamgroup.com\/en\/wp-json\/wp\/v2\/product_cat?post=31391"},{"taxonomy":"product_tag","embeddable":true,"href":"https:\/\/alhaythamgroup.com\/en\/wp-json\/wp\/v2\/product_tag?post=31391"}],"curies":[{"name":"wp","href":"https:\/\/api.w.org\/{rel}","templated":true}]}}