{"id":31875,"date":"2025-09-18T00:24:36","date_gmt":"2025-09-18T00:24:36","guid":{"rendered":"https:\/\/alhaythamgroup.com\/product\/%d8%ba%d8%b3%d8%a7%d9%84%d9%87-%d9%85%d9%84%d8%a7%d8%a8%d8%b3-%d8%a7%d9%88%d8%aa%d9%88%d9%85%d8%a7%d8%aa%d9%8a%d9%83-%d8%b3%d8%a7%d9%85%d8%b3%d9%88%d9%86%d8%ac-8\/"},"modified":"2026-01-19T23:27:54","modified_gmt":"2026-01-19T23:27:54","slug":"samsung-8kg-front-load-automatic-washer-inverter-motor","status":"publish","type":"product","link":"https:\/\/alhaythamgroup.com\/en\/product\/samsung-8kg-front-load-automatic-washer-inverter-motor\/","title":{"rendered":"Samsung 8kg Front-Load Automatic Washer with Inverter Motor"},"content":{"rendered":"<span class=\"span-reading-time rt-reading-time\" style=\"display: block;\"><span class=\"rt-label rt-prefix\">Reading Time: <\/span> <span class=\"rt-time\"> &lt; 1<\/span> <span class=\"rt-label rt-postfix\">minute<\/span><\/span><h2>Samsung Front-Load Washing Machine, 8 kg<\/h2>\n<p>Samsung&#8217;s automatic washing machine, model WW80T4020CX1AS, is the ideal choice for every home. With a capacity of 8 kg, you will be able to wash a large amount of clothing in one cycle, saving you time and effort.<\/p>\n<h3>Key Specifications<\/h3>\n<ul>\n<li>Brand: Samsung<\/li>\n<li>Load Type: Front Load<\/li>\n<li>Color: Inox<\/li>\n<li>Capacity: 8 kg<\/li>\n<li>RPM: 1200<\/li>\n<li>Dimensions (Height\u00d7Width\u00d7Depth): 85 \u00d7 60 \u00d7 55 cm<\/li>\n<\/ul>\n<h3>Digital Inverter Technology<\/h3>\n<p>This washing machine features digital inverter technology that uses powerful magnets to achieve quieter and more efficient performance. This technology reduces brush usage, giving you exceptional durability.<\/p>\n<h3>Drum Clean Cycle<\/h3>\n<p>The Drum Clean cycle helps keep the inside of the washing machine clean in a healthy way, as it removes many bacteria that cause odors. This cycle uses a combination of soaking, pumping, and high-speed spinning, making it effective without the need for strong detergents.<\/p>\n<h3>StayClean Drawer<\/h3>\n<p>Say goodbye to wasting detergents thanks to the StayClean Drawer, which ensures that all laundry detergent flows into the wash tub. This system minimizes the amount of powder remaining in the drawer, keeping it clean at all times.<\/p>\n<h3>Important Notice<\/h3>\n<p>Installation must be performed by the company only to prevent voiding the warranty. Be sure to follow the instructions to ensure the best performance.<\/p>\n<p>For more information about home appliances, you can visit <a href=\"https:\/\/alhaythamgroup.com\/en\/\">Al-Haytham Group<\/a>.<\/p>\n","protected":false},"excerpt":{"rendered":"<p><span class=\"span-reading-time rt-reading-time\" style=\"display: block;\"><span class=\"rt-label rt-prefix\">Reading Time: <\/span> <span class=\"rt-time\"> &lt; 1<\/span> <span class=\"rt-label rt-postfix\">minute<\/span><\/span>Discover the Samsung 8kg washing machine with Digital Inverter technology and high efficiency. Achieve spotless cleanliness with performance. Visit us now.<\/p>\n","protected":false},"featured_media":31877,"template":"","meta":[],"product_brand":[],"product_cat":[15],"product_tag":[719,803],"class_list":{"0":"post-31875","1":"product","2":"type-product","3":"status-publish","4":"has-post-thumbnail","6":"product_cat-15","7":"product_tag-the-lowest-price","8":"product_tag-the-lowest-price-12-04-2026","11":"first","12":"instock","13":"sale","14":"shipping-taxable","15":"purchasable","16":"product-type-simple"},"yoast_head":"<!-- This site is optimized with the Yoast SEO Premium plugin v25.7.1 (Yoast SEO v25.7) - https:\/\/yoast.com\/wordpress\/plugins\/seo\/ -->\n<title>Samsung 8kg Automatic Washer High Efficiency Performance<\/title>\n<meta name=\"description\" content=\"Discover the Samsung 8kg washing machine with Digital Inverter technology and high efficiency. Achieve spotless cleanliness with performance. Visit us now.\" \/>\n<meta name=\"robots\" content=\"index, follow, max-snippet:-1, max-image-preview:large, max-video-preview:-1\" \/>\n<link rel=\"canonical\" href=\"https:\/\/alhaythamgroup.com\/en\/product\/samsung-8kg-front-load-automatic-washer-inverter-motor\/\" \/>\n<meta property=\"og:locale\" content=\"en_US\" \/>\n<meta property=\"og:type\" content=\"article\" \/>\n<meta property=\"og:title\" content=\"Samsung 8kg Front-Load Automatic Washer with Inverter Motor\" \/>\n<meta property=\"og:description\" content=\"Discover the Samsung 8kg washing machine with Digital Inverter technology and high efficiency. Achieve spotless cleanliness with performance. Visit us now.\" \/>\n<meta property=\"og:url\" content=\"https:\/\/alhaythamgroup.com\/en\/product\/samsung-8kg-front-load-automatic-washer-inverter-motor\/\" \/>\n<meta property=\"og:site_name\" content=\"alhaythamgroup.com\" \/>\n<meta property=\"article:modified_time\" content=\"2026-01-19T23:27:54+00:00\" \/>\n<meta property=\"og:image\" content=\"https:\/\/alhaythamgroup.com\/wp-content\/uploads\/2025\/09\/\u063a\u0633\u0627\u0644\u0629-\u0645\u0644\u0627\u0628\u0633-\u0633\u0627\u0645\u0633\u0648\u0646\u062c-\u0623\u0648\u062a\u0648\u0645\u0627\u062a\u064a\u0643-8-\u0643\u062c\u0645-\u062a\u062d\u0645\u064a\u0644-\u0623\u0645\u0627\u0645\u064a-\u0645\u0648.-main.png\" \/>\n\t<meta property=\"og:image:width\" content=\"1024\" \/>\n\t<meta property=\"og:image:height\" content=\"1024\" \/>\n\t<meta property=\"og:image:type\" content=\"image\/png\" \/>\n<meta name=\"twitter:card\" content=\"summary_large_image\" \/>\n<meta name=\"twitter:label1\" content=\"Est. reading time\" \/>\n\t<meta name=\"twitter:data1\" content=\"1 minute\" \/>\n<script type=\"application\/ld+json\" class=\"yoast-schema-graph\">{\"@context\":\"https:\/\/schema.org\",\"@graph\":[{\"@type\":\"WebPage\",\"@id\":\"https:\/\/alhaythamgroup.com\/en\/product\/samsung-8kg-front-load-automatic-washer-inverter-motor\/\",\"url\":\"https:\/\/alhaythamgroup.com\/en\/product\/samsung-8kg-front-load-automatic-washer-inverter-motor\/\",\"name\":\"Samsung 8kg Automatic Washer High Efficiency Performance\",\"isPartOf\":{\"@id\":\"https:\/\/orangered-peafowl-413256.hostingersite.com\/en\/#website\"},\"primaryImageOfPage\":{\"@id\":\"https:\/\/alhaythamgroup.com\/en\/product\/samsung-8kg-front-load-automatic-washer-inverter-motor\/#primaryimage\"},\"image\":{\"@id\":\"https:\/\/alhaythamgroup.com\/en\/product\/samsung-8kg-front-load-automatic-washer-inverter-motor\/#primaryimage\"},\"thumbnailUrl\":\"https:\/\/alhaythamgroup.com\/wp-content\/uploads\/2025\/09\/\u063a\u0633\u0627\u0644\u0629-\u0645\u0644\u0627\u0628\u0633-\u0633\u0627\u0645\u0633\u0648\u0646\u062c-\u0623\u0648\u062a\u0648\u0645\u0627\u062a\u064a\u0643-8-\u0643\u062c\u0645-\u062a\u062d\u0645\u064a\u0644-\u0623\u0645\u0627\u0645\u064a-\u0645\u0648.-main.png\",\"datePublished\":\"2025-09-18T00:24:36+00:00\",\"dateModified\":\"2026-01-19T23:27:54+00:00\",\"description\":\"Discover the Samsung 8kg washing machine with Digital Inverter technology and high efficiency. Achieve spotless cleanliness with performance. Visit us now.\",\"breadcrumb\":{\"@id\":\"https:\/\/alhaythamgroup.com\/en\/product\/samsung-8kg-front-load-automatic-washer-inverter-motor\/#breadcrumb\"},\"inLanguage\":\"en-US\",\"potentialAction\":[{\"@type\":\"ReadAction\",\"target\":[\"https:\/\/alhaythamgroup.com\/en\/product\/samsung-8kg-front-load-automatic-washer-inverter-motor\/\"]}]},{\"@type\":\"ImageObject\",\"inLanguage\":\"en-US\",\"@id\":\"https:\/\/alhaythamgroup.com\/en\/product\/samsung-8kg-front-load-automatic-washer-inverter-motor\/#primaryimage\",\"url\":\"https:\/\/alhaythamgroup.com\/wp-content\/uploads\/2025\/09\/\u063a\u0633\u0627\u0644\u0629-\u0645\u0644\u0627\u0628\u0633-\u0633\u0627\u0645\u0633\u0648\u0646\u062c-\u0623\u0648\u062a\u0648\u0645\u0627\u062a\u064a\u0643-8-\u0643\u062c\u0645-\u062a\u062d\u0645\u064a\u0644-\u0623\u0645\u0627\u0645\u064a-\u0645\u0648.-main.png\",\"contentUrl\":\"https:\/\/alhaythamgroup.com\/wp-content\/uploads\/2025\/09\/\u063a\u0633\u0627\u0644\u0629-\u0645\u0644\u0627\u0628\u0633-\u0633\u0627\u0645\u0633\u0648\u0646\u062c-\u0623\u0648\u062a\u0648\u0645\u0627\u062a\u064a\u0643-8-\u0643\u062c\u0645-\u062a\u062d\u0645\u064a\u0644-\u0623\u0645\u0627\u0645\u064a-\u0645\u0648.-main.png\",\"width\":1024,\"height\":1024,\"caption\":\"\u063a\u0633\u0627\u0644\u0629 \u0645\u0644\u0627\u0628\u0633 \u0633\u0627\u0645\u0633\u0648\u0646\u062c \u0623\u0648\u062a\u0648\u0645\u0627\u062a\u064a\u0643 8 \u0643\u062c\u0645 \u062a\u062d\u0645\u064a\u0644 \u0623\u0645\u0627\u0645\u064a \u0645\u0648... main\"},{\"@type\":\"BreadcrumbList\",\"@id\":\"https:\/\/alhaythamgroup.com\/en\/product\/samsung-8kg-front-load-automatic-washer-inverter-motor\/#breadcrumb\",\"itemListElement\":[{\"@type\":\"ListItem\",\"position\":1,\"name\":\"Home\",\"item\":\"https:\/\/alhaythamgroup.com\/en\/\"},{\"@type\":\"ListItem\",\"position\":2,\"name\":\"\u0627\u0644\u0645\u0646\u062a\u062c\u0627\u062a\",\"item\":\"https:\/\/alhaythamgroup.com\/en\/shop\/\"},{\"@type\":\"ListItem\",\"position\":3,\"name\":\"Samsung 8kg Front-Load Automatic Washer with Inverter Motor\"}]},{\"@type\":\"WebSite\",\"@id\":\"https:\/\/orangered-peafowl-413256.hostingersite.com\/en\/#website\",\"url\":\"https:\/\/orangered-peafowl-413256.hostingersite.com\/en\/\",\"name\":\"alhaythamgroup.com\",\"description\":\"\",\"publisher\":{\"@id\":\"https:\/\/orangered-peafowl-413256.hostingersite.com\/en\/#organization\"},\"potentialAction\":[{\"@type\":\"SearchAction\",\"target\":{\"@type\":\"EntryPoint\",\"urlTemplate\":\"https:\/\/orangered-peafowl-413256.hostingersite.com\/en\/?s={search_term_string}\"},\"query-input\":{\"@type\":\"PropertyValueSpecification\",\"valueRequired\":true,\"valueName\":\"search_term_string\"}}],\"inLanguage\":\"en-US\"},{\"@type\":\"Organization\",\"@id\":\"https:\/\/orangered-peafowl-413256.hostingersite.com\/en\/#organization\",\"name\":\"alhaythamgroup.com\",\"url\":\"https:\/\/orangered-peafowl-413256.hostingersite.com\/en\/\",\"logo\":{\"@type\":\"ImageObject\",\"inLanguage\":\"en-US\",\"@id\":\"https:\/\/orangered-peafowl-413256.hostingersite.com\/en\/#\/schema\/logo\/image\/\",\"url\":\"https:\/\/alhaythamgroup.com\/wp-content\/uploads\/2024\/10\/Al-Haytham-Logo-1.png\",\"contentUrl\":\"https:\/\/alhaythamgroup.com\/wp-content\/uploads\/2024\/10\/Al-Haytham-Logo-1.png\",\"width\":277,\"height\":100,\"caption\":\"alhaythamgroup.com\"},\"image\":{\"@id\":\"https:\/\/orangered-peafowl-413256.hostingersite.com\/en\/#\/schema\/logo\/image\/\"}}]}<\/script>\n<!-- \/ Yoast SEO Premium plugin. -->","yoast_head_json":{"title":"Samsung 8kg Automatic Washer High Efficiency Performance","description":"Discover the Samsung 8kg washing machine with Digital Inverter technology and high efficiency. Achieve spotless cleanliness with performance. Visit us now.","robots":{"index":"index","follow":"follow","max-snippet":"max-snippet:-1","max-image-preview":"max-image-preview:large","max-video-preview":"max-video-preview:-1"},"canonical":"https:\/\/alhaythamgroup.com\/en\/product\/samsung-8kg-front-load-automatic-washer-inverter-motor\/","og_locale":"en_US","og_type":"article","og_title":"Samsung 8kg Front-Load Automatic Washer with Inverter Motor","og_description":"Discover the Samsung 8kg washing machine with Digital Inverter technology and high efficiency. Achieve spotless cleanliness with performance. Visit us now.","og_url":"https:\/\/alhaythamgroup.com\/en\/product\/samsung-8kg-front-load-automatic-washer-inverter-motor\/","og_site_name":"alhaythamgroup.com","article_modified_time":"2026-01-19T23:27:54+00:00","og_image":[{"width":1024,"height":1024,"url":"https:\/\/alhaythamgroup.com\/wp-content\/uploads\/2025\/09\/\u063a\u0633\u0627\u0644\u0629-\u0645\u0644\u0627\u0628\u0633-\u0633\u0627\u0645\u0633\u0648\u0646\u062c-\u0623\u0648\u062a\u0648\u0645\u0627\u062a\u064a\u0643-8-\u0643\u062c\u0645-\u062a\u062d\u0645\u064a\u0644-\u0623\u0645\u0627\u0645\u064a-\u0645\u0648.-main.png","type":"image\/png"}],"twitter_card":"summary_large_image","twitter_misc":{"Est. reading time":"1 minute"},"schema":{"@context":"https:\/\/schema.org","@graph":[{"@type":"WebPage","@id":"https:\/\/alhaythamgroup.com\/en\/product\/samsung-8kg-front-load-automatic-washer-inverter-motor\/","url":"https:\/\/alhaythamgroup.com\/en\/product\/samsung-8kg-front-load-automatic-washer-inverter-motor\/","name":"Samsung 8kg Automatic Washer High Efficiency Performance","isPartOf":{"@id":"https:\/\/orangered-peafowl-413256.hostingersite.com\/en\/#website"},"primaryImageOfPage":{"@id":"https:\/\/alhaythamgroup.com\/en\/product\/samsung-8kg-front-load-automatic-washer-inverter-motor\/#primaryimage"},"image":{"@id":"https:\/\/alhaythamgroup.com\/en\/product\/samsung-8kg-front-load-automatic-washer-inverter-motor\/#primaryimage"},"thumbnailUrl":"https:\/\/alhaythamgroup.com\/wp-content\/uploads\/2025\/09\/\u063a\u0633\u0627\u0644\u0629-\u0645\u0644\u0627\u0628\u0633-\u0633\u0627\u0645\u0633\u0648\u0646\u062c-\u0623\u0648\u062a\u0648\u0645\u0627\u062a\u064a\u0643-8-\u0643\u062c\u0645-\u062a\u062d\u0645\u064a\u0644-\u0623\u0645\u0627\u0645\u064a-\u0645\u0648.-main.png","datePublished":"2025-09-18T00:24:36+00:00","dateModified":"2026-01-19T23:27:54+00:00","description":"Discover the Samsung 8kg washing machine with Digital Inverter technology and high efficiency. Achieve spotless cleanliness with performance. Visit us now.","breadcrumb":{"@id":"https:\/\/alhaythamgroup.com\/en\/product\/samsung-8kg-front-load-automatic-washer-inverter-motor\/#breadcrumb"},"inLanguage":"en-US","potentialAction":[{"@type":"ReadAction","target":["https:\/\/alhaythamgroup.com\/en\/product\/samsung-8kg-front-load-automatic-washer-inverter-motor\/"]}]},{"@type":"ImageObject","inLanguage":"en-US","@id":"https:\/\/alhaythamgroup.com\/en\/product\/samsung-8kg-front-load-automatic-washer-inverter-motor\/#primaryimage","url":"https:\/\/alhaythamgroup.com\/wp-content\/uploads\/2025\/09\/\u063a\u0633\u0627\u0644\u0629-\u0645\u0644\u0627\u0628\u0633-\u0633\u0627\u0645\u0633\u0648\u0646\u062c-\u0623\u0648\u062a\u0648\u0645\u0627\u062a\u064a\u0643-8-\u0643\u062c\u0645-\u062a\u062d\u0645\u064a\u0644-\u0623\u0645\u0627\u0645\u064a-\u0645\u0648.-main.png","contentUrl":"https:\/\/alhaythamgroup.com\/wp-content\/uploads\/2025\/09\/\u063a\u0633\u0627\u0644\u0629-\u0645\u0644\u0627\u0628\u0633-\u0633\u0627\u0645\u0633\u0648\u0646\u062c-\u0623\u0648\u062a\u0648\u0645\u0627\u062a\u064a\u0643-8-\u0643\u062c\u0645-\u062a\u062d\u0645\u064a\u0644-\u0623\u0645\u0627\u0645\u064a-\u0645\u0648.-main.png","width":1024,"height":1024,"caption":"\u063a\u0633\u0627\u0644\u0629 \u0645\u0644\u0627\u0628\u0633 \u0633\u0627\u0645\u0633\u0648\u0646\u062c \u0623\u0648\u062a\u0648\u0645\u0627\u062a\u064a\u0643 8 \u0643\u062c\u0645 \u062a\u062d\u0645\u064a\u0644 \u0623\u0645\u0627\u0645\u064a \u0645\u0648... main"},{"@type":"BreadcrumbList","@id":"https:\/\/alhaythamgroup.com\/en\/product\/samsung-8kg-front-load-automatic-washer-inverter-motor\/#breadcrumb","itemListElement":[{"@type":"ListItem","position":1,"name":"Home","item":"https:\/\/alhaythamgroup.com\/en\/"},{"@type":"ListItem","position":2,"name":"\u0627\u0644\u0645\u0646\u062a\u062c\u0627\u062a","item":"https:\/\/alhaythamgroup.com\/en\/shop\/"},{"@type":"ListItem","position":3,"name":"Samsung 8kg Front-Load Automatic Washer with Inverter Motor"}]},{"@type":"WebSite","@id":"https:\/\/orangered-peafowl-413256.hostingersite.com\/en\/#website","url":"https:\/\/orangered-peafowl-413256.hostingersite.com\/en\/","name":"alhaythamgroup.com","description":"","publisher":{"@id":"https:\/\/orangered-peafowl-413256.hostingersite.com\/en\/#organization"},"potentialAction":[{"@type":"SearchAction","target":{"@type":"EntryPoint","urlTemplate":"https:\/\/orangered-peafowl-413256.hostingersite.com\/en\/?s={search_term_string}"},"query-input":{"@type":"PropertyValueSpecification","valueRequired":true,"valueName":"search_term_string"}}],"inLanguage":"en-US"},{"@type":"Organization","@id":"https:\/\/orangered-peafowl-413256.hostingersite.com\/en\/#organization","name":"alhaythamgroup.com","url":"https:\/\/orangered-peafowl-413256.hostingersite.com\/en\/","logo":{"@type":"ImageObject","inLanguage":"en-US","@id":"https:\/\/orangered-peafowl-413256.hostingersite.com\/en\/#\/schema\/logo\/image\/","url":"https:\/\/alhaythamgroup.com\/wp-content\/uploads\/2024\/10\/Al-Haytham-Logo-1.png","contentUrl":"https:\/\/alhaythamgroup.com\/wp-content\/uploads\/2024\/10\/Al-Haytham-Logo-1.png","width":277,"height":100,"caption":"alhaythamgroup.com"},"image":{"@id":"https:\/\/orangered-peafowl-413256.hostingersite.com\/en\/#\/schema\/logo\/image\/"}}]}},"_links":{"self":[{"href":"https:\/\/alhaythamgroup.com\/en\/wp-json\/wp\/v2\/product\/31875","targetHints":{"allow":["GET"]}}],"collection":[{"href":"https:\/\/alhaythamgroup.com\/en\/wp-json\/wp\/v2\/product"}],"about":[{"href":"https:\/\/alhaythamgroup.com\/en\/wp-json\/wp\/v2\/types\/product"}],"wp:featuredmedia":[{"embeddable":true,"href":"https:\/\/alhaythamgroup.com\/en\/wp-json\/wp\/v2\/media\/31877"}],"wp:attachment":[{"href":"https:\/\/alhaythamgroup.com\/en\/wp-json\/wp\/v2\/media?parent=31875"}],"wp:term":[{"taxonomy":"product_brand","embeddable":true,"href":"https:\/\/alhaythamgroup.com\/en\/wp-json\/wp\/v2\/product_brand?post=31875"},{"taxonomy":"product_cat","embeddable":true,"href":"https:\/\/alhaythamgroup.com\/en\/wp-json\/wp\/v2\/product_cat?post=31875"},{"taxonomy":"product_tag","embeddable":true,"href":"https:\/\/alhaythamgroup.com\/en\/wp-json\/wp\/v2\/product_tag?post=31875"}],"curies":[{"name":"wp","href":"https:\/\/api.w.org\/{rel}","templated":true}]}}