{"id":34509,"date":"2025-11-02T16:05:00","date_gmt":"2025-11-02T16:05:00","guid":{"rendered":"https:\/\/alhaythamgroup.com\/product\/%d8%a8%d9%88%d8%aa%d8%a7%d8%ac%d8%a7%d8%b2-%d8%ba%d8%a7%d8%b2-%d8%a7%d8%b3%d8%aa%d8%a7%d9%86%d9%84%d8%b3-%d8%a7%d8%b3%d9%88%d8%af-%d9%84%d8%a7%d8%ac%d9%8a%d8%b1%d9%85%d8%a7%d9%86%d9%8a%d8%a7\/"},"modified":"2026-01-20T00:35:54","modified_gmt":"2026-01-20T00:35:54","slug":"lagermania-90x60-gas-stove-5-burners-black-stainless","status":"publish","type":"product","link":"https:\/\/alhaythamgroup.com\/en\/product\/lagermania-90x60-gas-stove-5-burners-black-stainless\/","title":{"rendered":"Lagermania 90&#215;60 Gas Stove &#8211; 5 Burners, Stainless &amp; Black"},"content":{"rendered":"<span class=\"span-reading-time rt-reading-time\" style=\"display: block;\"><span class=\"rt-label rt-prefix\">Reading Time: <\/span> <span class=\"rt-time\"> &lt; 1<\/span> <span class=\"rt-label rt-postfix\">minute<\/span><\/span><h2>Lagermania 90 \u00d7 60 cm Gas Cooker &#8211; 5 Burner Stainless Steel \u00d7 Black<\/h2>\n<p>Enjoy a unique cooking experience with the Lagermania Free-Stand Valour gas cooker, which comes in a size of 90 \u00d7 60 cm and features a modern design that blends elegance with practical functionality. The cooker features 5 gas burners, allowing you to cook several dishes at the same time.<\/p>\n<h2>Gas Cooker Specifications<\/h2>\n<ul>\n<li>The middle burner: dual-ignition burner with power over 4 kW.<\/li>\n<li>100% Italian burners to ensure performance quality.<\/li>\n<li>Color: Stainless Steel \u00d7 Black, with an elegant look and a glass lid.<\/li>\n<li>Control panel: modern black glass.<\/li>\n<li>Burner supports are made of heavy-duty iron to ensure durability.<\/li>\n<li>Electronic ignition for the burners with a full safety system (100% Italian).<\/li>\n<li>Equipped with eco-friendly thermal insulation and two gas inlet connections.<\/li>\n<\/ul>\n<h2>Oven Specifications<\/h2>\n<ul>\n<li>A spacious oven with a fan for even distribution of hot air.<\/li>\n<li>Thermostat to control the oven temperature.<\/li>\n<li>Manual timer for alerts.<\/li>\n<li>Internal light for the oven provides better visibility.<\/li>\n<li>Ability to adjust rack positions inside the oven (5 levels).<\/li>\n<li>Full oven safety (100% Italian) and electronic ignition for the oven.<\/li>\n<li>The oven door remains closed during grilling, and the grill operates with a motor.<\/li>\n<\/ul>\n<h2>Dimensions and Weight<\/h2>\n<p>Dimensions of the cooker: width \u00d7 height \u00d7 depth: 90 \u00d7 90 \u00d7 60 cm.<\/p>\n<p>Net weight: 67.82 kg, Gross weight: 73.05 kg.<\/p>\n<p>With a free five-year comprehensive warranty, the Lagermania gas cooker is the ideal choice for every home. Don\u2019t miss the opportunity, <a href='https:\/\/alhaythamgroup.com\/'>Shop now from Al-Haytham Group<\/a> and enjoy a distinguished cooking experience!<\/p>\n","protected":false},"excerpt":{"rendered":"<p><span class=\"span-reading-time rt-reading-time\" style=\"display: block;\"><span class=\"rt-label rt-prefix\">Reading Time: <\/span> <span class=\"rt-time\"> &lt; 1<\/span> <span class=\"rt-label rt-postfix\">minute<\/span><\/span>Discover the Lagermania 90&#215;60 gas stove featuring 5 stainless steel burners in black. Enjoy a 5-year warranty and Italian craftsmanship. Order today!<\/p>\n","protected":false},"featured_media":34153,"template":"","meta":[],"product_brand":[],"product_cat":[762],"product_tag":[719,802],"class_list":{"0":"post-34509","1":"product","2":"type-product","3":"status-publish","4":"has-post-thumbnail","6":"product_cat-cookers-ovens-hobs","7":"product_tag-the-lowest-price","8":"product_tag-the-lowest-price-11-04-2026","11":"first","12":"instock","13":"sale","14":"shipping-taxable","15":"purchasable","16":"product-type-simple"},"yoast_head":"<!-- This site is optimized with the Yoast SEO Premium plugin v25.7.1 (Yoast SEO v25.7) - https:\/\/yoast.com\/wordpress\/plugins\/seo\/ -->\n<title>Lagermania 90x60 Gas Stove - 5 Burners, Stainless &amp; Black<\/title>\n<meta name=\"description\" content=\"Discover the Lagermania 90x60 gas stove featuring 5 stainless steel burners in black. Enjoy a 5-year warranty and Italian craftsmanship. Order today!\" \/>\n<meta name=\"robots\" content=\"index, follow, max-snippet:-1, max-image-preview:large, max-video-preview:-1\" \/>\n<link rel=\"canonical\" href=\"https:\/\/alhaythamgroup.com\/en\/product\/lagermania-90x60-gas-stove-5-burners-black-stainless\/\" \/>\n<meta property=\"og:locale\" content=\"en_US\" \/>\n<meta property=\"og:type\" content=\"article\" \/>\n<meta property=\"og:title\" content=\"Lagermania 90x60 Gas Stove - 5 Burners, Stainless &amp; Black\" \/>\n<meta property=\"og:description\" content=\"Discover the Lagermania 90x60 gas stove featuring 5 stainless steel burners in black. Enjoy a 5-year warranty and Italian craftsmanship. Order today!\" \/>\n<meta property=\"og:url\" content=\"https:\/\/alhaythamgroup.com\/en\/product\/lagermania-90x60-gas-stove-5-burners-black-stainless\/\" \/>\n<meta property=\"og:site_name\" content=\"alhaythamgroup.com\" \/>\n<meta property=\"article:modified_time\" content=\"2026-01-20T00:35:54+00:00\" \/>\n<meta property=\"og:image\" content=\"https:\/\/alhaythamgroup.com\/wp-content\/uploads\/2025\/10\/\u0628\u0648\u062a\u0627\u062c\u0627\u0632-\u0644\u0627\u062c\u064a\u0631\u0645\u0627\u0646\u064a\u0627-90-\u00d7-60-5-\u0634\u0639\u0644\u0629-\u063a\u0627\u0632-\u0627\u0633\u062a\u0627\u0646\u0644\u0633.-main.png\" \/>\n\t<meta property=\"og:image:width\" content=\"1024\" \/>\n\t<meta property=\"og:image:height\" content=\"1024\" \/>\n\t<meta property=\"og:image:type\" content=\"image\/png\" \/>\n<meta name=\"twitter:card\" content=\"summary_large_image\" \/>\n<meta name=\"twitter:label1\" content=\"Est. reading time\" \/>\n\t<meta name=\"twitter:data1\" content=\"1 minute\" \/>\n<script type=\"application\/ld+json\" class=\"yoast-schema-graph\">{\"@context\":\"https:\/\/schema.org\",\"@graph\":[{\"@type\":\"WebPage\",\"@id\":\"https:\/\/alhaythamgroup.com\/en\/product\/lagermania-90x60-gas-stove-5-burners-black-stainless\/\",\"url\":\"https:\/\/alhaythamgroup.com\/en\/product\/lagermania-90x60-gas-stove-5-burners-black-stainless\/\",\"name\":\"Lagermania 90x60 Gas Stove - 5 Burners, Stainless & Black\",\"isPartOf\":{\"@id\":\"https:\/\/orangered-peafowl-413256.hostingersite.com\/en\/#website\"},\"primaryImageOfPage\":{\"@id\":\"https:\/\/alhaythamgroup.com\/en\/product\/lagermania-90x60-gas-stove-5-burners-black-stainless\/#primaryimage\"},\"image\":{\"@id\":\"https:\/\/alhaythamgroup.com\/en\/product\/lagermania-90x60-gas-stove-5-burners-black-stainless\/#primaryimage\"},\"thumbnailUrl\":\"https:\/\/alhaythamgroup.com\/wp-content\/uploads\/2025\/10\/\u0628\u0648\u062a\u0627\u062c\u0627\u0632-\u0644\u0627\u062c\u064a\u0631\u0645\u0627\u0646\u064a\u0627-90-\u00d7-60-5-\u0634\u0639\u0644\u0629-\u063a\u0627\u0632-\u0627\u0633\u062a\u0627\u0646\u0644\u0633.-main.png\",\"datePublished\":\"2025-11-02T16:05:00+00:00\",\"dateModified\":\"2026-01-20T00:35:54+00:00\",\"description\":\"Discover the Lagermania 90x60 gas stove featuring 5 stainless steel burners in black. Enjoy a 5-year warranty and Italian craftsmanship. Order today!\",\"breadcrumb\":{\"@id\":\"https:\/\/alhaythamgroup.com\/en\/product\/lagermania-90x60-gas-stove-5-burners-black-stainless\/#breadcrumb\"},\"inLanguage\":\"en-US\",\"potentialAction\":[{\"@type\":\"ReadAction\",\"target\":[\"https:\/\/alhaythamgroup.com\/en\/product\/lagermania-90x60-gas-stove-5-burners-black-stainless\/\"]}]},{\"@type\":\"ImageObject\",\"inLanguage\":\"en-US\",\"@id\":\"https:\/\/alhaythamgroup.com\/en\/product\/lagermania-90x60-gas-stove-5-burners-black-stainless\/#primaryimage\",\"url\":\"https:\/\/alhaythamgroup.com\/wp-content\/uploads\/2025\/10\/\u0628\u0648\u062a\u0627\u062c\u0627\u0632-\u0644\u0627\u062c\u064a\u0631\u0645\u0627\u0646\u064a\u0627-90-\u00d7-60-5-\u0634\u0639\u0644\u0629-\u063a\u0627\u0632-\u0627\u0633\u062a\u0627\u0646\u0644\u0633.-main.png\",\"contentUrl\":\"https:\/\/alhaythamgroup.com\/wp-content\/uploads\/2025\/10\/\u0628\u0648\u062a\u0627\u062c\u0627\u0632-\u0644\u0627\u062c\u064a\u0631\u0645\u0627\u0646\u064a\u0627-90-\u00d7-60-5-\u0634\u0639\u0644\u0629-\u063a\u0627\u0632-\u0627\u0633\u062a\u0627\u0646\u0644\u0633.-main.png\",\"width\":1024,\"height\":1024,\"caption\":\"\u0628\u0648\u062a\u0627\u062c\u0627\u0632 \u0644\u0627\u062c\u064a\u0631\u0645\u0627\u0646\u064a\u0627 90 \u00d7 60 - 5 \u0634\u0639\u0644\u0629 \u063a\u0627\u0632 \u0627\u0633\u062a\u0627\u0646\u0644\u0633... main\"},{\"@type\":\"BreadcrumbList\",\"@id\":\"https:\/\/alhaythamgroup.com\/en\/product\/lagermania-90x60-gas-stove-5-burners-black-stainless\/#breadcrumb\",\"itemListElement\":[{\"@type\":\"ListItem\",\"position\":1,\"name\":\"Home\",\"item\":\"https:\/\/alhaythamgroup.com\/en\/\"},{\"@type\":\"ListItem\",\"position\":2,\"name\":\"\u0627\u0644\u0645\u0646\u062a\u062c\u0627\u062a\",\"item\":\"https:\/\/alhaythamgroup.com\/en\/shop\/\"},{\"@type\":\"ListItem\",\"position\":3,\"name\":\"Lagermania 90&#215;60 Gas Stove &#8211; 5 Burners, Stainless &amp; Black\"}]},{\"@type\":\"WebSite\",\"@id\":\"https:\/\/orangered-peafowl-413256.hostingersite.com\/en\/#website\",\"url\":\"https:\/\/orangered-peafowl-413256.hostingersite.com\/en\/\",\"name\":\"alhaythamgroup.com\",\"description\":\"\",\"publisher\":{\"@id\":\"https:\/\/orangered-peafowl-413256.hostingersite.com\/en\/#organization\"},\"potentialAction\":[{\"@type\":\"SearchAction\",\"target\":{\"@type\":\"EntryPoint\",\"urlTemplate\":\"https:\/\/orangered-peafowl-413256.hostingersite.com\/en\/?s={search_term_string}\"},\"query-input\":{\"@type\":\"PropertyValueSpecification\",\"valueRequired\":true,\"valueName\":\"search_term_string\"}}],\"inLanguage\":\"en-US\"},{\"@type\":\"Organization\",\"@id\":\"https:\/\/orangered-peafowl-413256.hostingersite.com\/en\/#organization\",\"name\":\"alhaythamgroup.com\",\"url\":\"https:\/\/orangered-peafowl-413256.hostingersite.com\/en\/\",\"logo\":{\"@type\":\"ImageObject\",\"inLanguage\":\"en-US\",\"@id\":\"https:\/\/orangered-peafowl-413256.hostingersite.com\/en\/#\/schema\/logo\/image\/\",\"url\":\"https:\/\/alhaythamgroup.com\/wp-content\/uploads\/2024\/10\/Al-Haytham-Logo-1.png\",\"contentUrl\":\"https:\/\/alhaythamgroup.com\/wp-content\/uploads\/2024\/10\/Al-Haytham-Logo-1.png\",\"width\":277,\"height\":100,\"caption\":\"alhaythamgroup.com\"},\"image\":{\"@id\":\"https:\/\/orangered-peafowl-413256.hostingersite.com\/en\/#\/schema\/logo\/image\/\"}}]}<\/script>\n<!-- \/ Yoast SEO Premium plugin. -->","yoast_head_json":{"title":"Lagermania 90x60 Gas Stove - 5 Burners, Stainless & Black","description":"Discover the Lagermania 90x60 gas stove featuring 5 stainless steel burners in black. Enjoy a 5-year warranty and Italian craftsmanship. Order today!","robots":{"index":"index","follow":"follow","max-snippet":"max-snippet:-1","max-image-preview":"max-image-preview:large","max-video-preview":"max-video-preview:-1"},"canonical":"https:\/\/alhaythamgroup.com\/en\/product\/lagermania-90x60-gas-stove-5-burners-black-stainless\/","og_locale":"en_US","og_type":"article","og_title":"Lagermania 90x60 Gas Stove - 5 Burners, Stainless &amp; Black","og_description":"Discover the Lagermania 90x60 gas stove featuring 5 stainless steel burners in black. Enjoy a 5-year warranty and Italian craftsmanship. Order today!","og_url":"https:\/\/alhaythamgroup.com\/en\/product\/lagermania-90x60-gas-stove-5-burners-black-stainless\/","og_site_name":"alhaythamgroup.com","article_modified_time":"2026-01-20T00:35:54+00:00","og_image":[{"width":1024,"height":1024,"url":"https:\/\/alhaythamgroup.com\/wp-content\/uploads\/2025\/10\/\u0628\u0648\u062a\u0627\u062c\u0627\u0632-\u0644\u0627\u062c\u064a\u0631\u0645\u0627\u0646\u064a\u0627-90-\u00d7-60-5-\u0634\u0639\u0644\u0629-\u063a\u0627\u0632-\u0627\u0633\u062a\u0627\u0646\u0644\u0633.-main.png","type":"image\/png"}],"twitter_card":"summary_large_image","twitter_misc":{"Est. reading time":"1 minute"},"schema":{"@context":"https:\/\/schema.org","@graph":[{"@type":"WebPage","@id":"https:\/\/alhaythamgroup.com\/en\/product\/lagermania-90x60-gas-stove-5-burners-black-stainless\/","url":"https:\/\/alhaythamgroup.com\/en\/product\/lagermania-90x60-gas-stove-5-burners-black-stainless\/","name":"Lagermania 90x60 Gas Stove - 5 Burners, Stainless & Black","isPartOf":{"@id":"https:\/\/orangered-peafowl-413256.hostingersite.com\/en\/#website"},"primaryImageOfPage":{"@id":"https:\/\/alhaythamgroup.com\/en\/product\/lagermania-90x60-gas-stove-5-burners-black-stainless\/#primaryimage"},"image":{"@id":"https:\/\/alhaythamgroup.com\/en\/product\/lagermania-90x60-gas-stove-5-burners-black-stainless\/#primaryimage"},"thumbnailUrl":"https:\/\/alhaythamgroup.com\/wp-content\/uploads\/2025\/10\/\u0628\u0648\u062a\u0627\u062c\u0627\u0632-\u0644\u0627\u062c\u064a\u0631\u0645\u0627\u0646\u064a\u0627-90-\u00d7-60-5-\u0634\u0639\u0644\u0629-\u063a\u0627\u0632-\u0627\u0633\u062a\u0627\u0646\u0644\u0633.-main.png","datePublished":"2025-11-02T16:05:00+00:00","dateModified":"2026-01-20T00:35:54+00:00","description":"Discover the Lagermania 90x60 gas stove featuring 5 stainless steel burners in black. Enjoy a 5-year warranty and Italian craftsmanship. Order today!","breadcrumb":{"@id":"https:\/\/alhaythamgroup.com\/en\/product\/lagermania-90x60-gas-stove-5-burners-black-stainless\/#breadcrumb"},"inLanguage":"en-US","potentialAction":[{"@type":"ReadAction","target":["https:\/\/alhaythamgroup.com\/en\/product\/lagermania-90x60-gas-stove-5-burners-black-stainless\/"]}]},{"@type":"ImageObject","inLanguage":"en-US","@id":"https:\/\/alhaythamgroup.com\/en\/product\/lagermania-90x60-gas-stove-5-burners-black-stainless\/#primaryimage","url":"https:\/\/alhaythamgroup.com\/wp-content\/uploads\/2025\/10\/\u0628\u0648\u062a\u0627\u062c\u0627\u0632-\u0644\u0627\u062c\u064a\u0631\u0645\u0627\u0646\u064a\u0627-90-\u00d7-60-5-\u0634\u0639\u0644\u0629-\u063a\u0627\u0632-\u0627\u0633\u062a\u0627\u0646\u0644\u0633.-main.png","contentUrl":"https:\/\/alhaythamgroup.com\/wp-content\/uploads\/2025\/10\/\u0628\u0648\u062a\u0627\u062c\u0627\u0632-\u0644\u0627\u062c\u064a\u0631\u0645\u0627\u0646\u064a\u0627-90-\u00d7-60-5-\u0634\u0639\u0644\u0629-\u063a\u0627\u0632-\u0627\u0633\u062a\u0627\u0646\u0644\u0633.-main.png","width":1024,"height":1024,"caption":"\u0628\u0648\u062a\u0627\u062c\u0627\u0632 \u0644\u0627\u062c\u064a\u0631\u0645\u0627\u0646\u064a\u0627 90 \u00d7 60 - 5 \u0634\u0639\u0644\u0629 \u063a\u0627\u0632 \u0627\u0633\u062a\u0627\u0646\u0644\u0633... main"},{"@type":"BreadcrumbList","@id":"https:\/\/alhaythamgroup.com\/en\/product\/lagermania-90x60-gas-stove-5-burners-black-stainless\/#breadcrumb","itemListElement":[{"@type":"ListItem","position":1,"name":"Home","item":"https:\/\/alhaythamgroup.com\/en\/"},{"@type":"ListItem","position":2,"name":"\u0627\u0644\u0645\u0646\u062a\u062c\u0627\u062a","item":"https:\/\/alhaythamgroup.com\/en\/shop\/"},{"@type":"ListItem","position":3,"name":"Lagermania 90&#215;60 Gas Stove &#8211; 5 Burners, Stainless &amp; Black"}]},{"@type":"WebSite","@id":"https:\/\/orangered-peafowl-413256.hostingersite.com\/en\/#website","url":"https:\/\/orangered-peafowl-413256.hostingersite.com\/en\/","name":"alhaythamgroup.com","description":"","publisher":{"@id":"https:\/\/orangered-peafowl-413256.hostingersite.com\/en\/#organization"},"potentialAction":[{"@type":"SearchAction","target":{"@type":"EntryPoint","urlTemplate":"https:\/\/orangered-peafowl-413256.hostingersite.com\/en\/?s={search_term_string}"},"query-input":{"@type":"PropertyValueSpecification","valueRequired":true,"valueName":"search_term_string"}}],"inLanguage":"en-US"},{"@type":"Organization","@id":"https:\/\/orangered-peafowl-413256.hostingersite.com\/en\/#organization","name":"alhaythamgroup.com","url":"https:\/\/orangered-peafowl-413256.hostingersite.com\/en\/","logo":{"@type":"ImageObject","inLanguage":"en-US","@id":"https:\/\/orangered-peafowl-413256.hostingersite.com\/en\/#\/schema\/logo\/image\/","url":"https:\/\/alhaythamgroup.com\/wp-content\/uploads\/2024\/10\/Al-Haytham-Logo-1.png","contentUrl":"https:\/\/alhaythamgroup.com\/wp-content\/uploads\/2024\/10\/Al-Haytham-Logo-1.png","width":277,"height":100,"caption":"alhaythamgroup.com"},"image":{"@id":"https:\/\/orangered-peafowl-413256.hostingersite.com\/en\/#\/schema\/logo\/image\/"}}]}},"_links":{"self":[{"href":"https:\/\/alhaythamgroup.com\/en\/wp-json\/wp\/v2\/product\/34509","targetHints":{"allow":["GET"]}}],"collection":[{"href":"https:\/\/alhaythamgroup.com\/en\/wp-json\/wp\/v2\/product"}],"about":[{"href":"https:\/\/alhaythamgroup.com\/en\/wp-json\/wp\/v2\/types\/product"}],"wp:featuredmedia":[{"embeddable":true,"href":"https:\/\/alhaythamgroup.com\/en\/wp-json\/wp\/v2\/media\/34153"}],"wp:attachment":[{"href":"https:\/\/alhaythamgroup.com\/en\/wp-json\/wp\/v2\/media?parent=34509"}],"wp:term":[{"taxonomy":"product_brand","embeddable":true,"href":"https:\/\/alhaythamgroup.com\/en\/wp-json\/wp\/v2\/product_brand?post=34509"},{"taxonomy":"product_cat","embeddable":true,"href":"https:\/\/alhaythamgroup.com\/en\/wp-json\/wp\/v2\/product_cat?post=34509"},{"taxonomy":"product_tag","embeddable":true,"href":"https:\/\/alhaythamgroup.com\/en\/wp-json\/wp\/v2\/product_tag?post=34509"}],"curies":[{"name":"wp","href":"https:\/\/api.w.org\/{rel}","templated":true}]}}